{"id":1290,"date":"2025-02-07T15:31:25","date_gmt":"2025-02-07T15:31:25","guid":{"rendered":"https:\/\/mobidistribution.eu\/?page_id=1290"},"modified":"2025-02-10T09:39:36","modified_gmt":"2025-02-10T09:39:36","slug":"nagykereskedo-iphone-okhoz-mac-ekhez-hasznalt-felujitott","status":"publish","type":"page","link":"https:\/\/mobidistribution.eu\/en\/nagykereskedo-iphone-okhoz-mac-ekhez-hasznalt-felujitott\/","title":{"rendered":"Nagykeresked\u0151 iPhone-okhoz\/Mac-ekhez\/haszn\u00e1lt\/fel\u00faj\u00edtott"},"content":{"rendered":"<div data-elementor-type=\"wp-page\" data-elementor-id=\"1290\" class=\"elementor elementor-1290\" data-elementor-post-type=\"page\">\n\t\t\t\t\t\t<section class=\"elementor-section elementor-top-section elementor-element elementor-element-6330329 elementor-section-boxed elementor-section-height-default elementor-section-height-default\" data-id=\"6330329\" data-element_type=\"section\" data-e-type=\"section\">\n\t\t\t\t\t\t<div class=\"elementor-container elementor-column-gap-default\">\n\t\t\t\t\t<div class=\"elementor-column elementor-col-100 elementor-top-column elementor-element elementor-element-abbdb41\" data-id=\"abbdb41\" data-element_type=\"column\" data-e-type=\"column\">\n\t\t\t<div class=\"elementor-widget-wrap elementor-element-populated\">\n\t\t\t\t\t\t<div class=\"elementor-element elementor-element-f3a2593 elementor-widget elementor-widget-text-editor\" data-id=\"f3a2593\" data-element_type=\"widget\" data-e-type=\"widget\" data-widget_type=\"text-editor.default\">\n\t\t\t\t<div class=\"elementor-widget-container\">\n\t\t\t\t\t\t\t\t\t<p style=\"caret-color: #000000; color: #000000;\">\n<\/p><p>A technol\u00f3giai innov\u00e1ci\u00f3 korszak\u00e1ban a megb\u00edzhat\u00f3 mobiltelefonok ir\u00e1nti kereslet gyorsan n\u00f6vekszik. A&nbsp;<strong>Mobi Distribution<\/strong>&nbsp;az ide\u00e1lis v\u00e1laszt\u00e1s azoknak a v\u00e1llalkoz\u00e1soknak, amelyek kiv\u00e1l\u00f3 min\u0151s\u00e9g\u0171 haszn\u00e1lt iPhone-okat keresnek versenyk\u00e9pes \u00e1ron. Azzal, hogy garant\u00e1ljuk, hogy minden eszk\u00f6z szigor\u00fa min\u0151s\u00e9gellen\u0151rz\u00e9sen esik \u00e1t, biztos\u00edtjuk, hogy partnereink csak a legjobb lehet\u0151s\u00e9geket kapj\u00e1k meg \u00fcgyfeleik sz\u00e1m\u00e1ra.<\/p>\n<h3 style=\"caret-color: #000000;\">&nbsp;<strong style=\"font-family: inherit; font-size: var( --e-global-typography-76b703c-font-size ); letter-spacing: 0px;\">Mi az a Mobi Distribution?<\/strong><\/h3>\n<h2><span style=\"font-family: inherit; font-size: 16px;\">A&nbsp;<\/span><strong style=\"font-family: inherit; font-size: 16px;\">Mobi Distribution<\/strong><span style=\"font-family: inherit; font-size: 16px;\">&nbsp;egy tapasztalt&nbsp;<\/span><strong style=\"font-family: inherit; font-size: 16px;\">B2B besz\u00e1ll\u00edt\u00f3<\/strong><span style=\"font-family: inherit; font-size: 16px;\">amely haszn\u00e1lt telefonok (els\u0151sorban iPhone \u00e9s Samsung) \u00e9s Mac k\u00e9sz\u00fcl\u00e9kek \u00e9rt\u00e9kes\u00edt\u00e9s\u00e9re specializ\u00e1l\u00f3dott. Megb\u00edzhat\u00f3 besz\u00e1ll\u00edt\u00f3kkal m\u0171k\u00f6d\u00fcnk egy\u00fctt az&nbsp;<\/span><strong style=\"font-family: inherit; font-size: 16px;\">Egyes\u00fclt \u00c1llamokban \u00e9s Eur\u00f3p\u00e1ban<\/strong><span style=\"font-family: inherit; font-size: 16px;\">, hogy biztos\u00edtsuk a kiv\u00e1l\u00f3 min\u0151s\u00e9g\u0171 term\u00e9kek folyamatos ell\u00e1t\u00e1s\u00e1t. Azok a v\u00e1llalatok, amelyek vel\u00fcnk dolgoznak, id\u0151t takar\u00edtanak meg, \u00e9s cs\u00f6kkentik az ismeretlen forr\u00e1sokb\u00f3l t\u00f6rt\u00e9n\u0151 beszerz\u00e9s kock\u00e1zat\u00e1t.<\/span><\/h2>\n<p><!-- \/wp:paragraph --><\/p>\n<p><!-- wp:image {\"id\":1270,\"sizeSlug\":\"large\",\"linkDestination\":\"custom\"} --><\/p>\n<figure><a href=\"https:\/\/buy.mobidistribution.fr\/stock?warehouseGroup=101\"><img decoding=\"async\" src=\"https:\/\/px-saas-prod-wordpress-assets.s3.amazonaws.com\/Mobi\/wp-content\/uploads\/2025\/02\/07101625\/Capture-decran-2025-02-07-a-11.16.15-1024x442.png\" alt=\"\"><\/a><strong style=\"caret-color: #000000; color: #000000; font-family: inherit; font-size: var( --e-global-typography-76b703c-font-size );\">Telefonbeszerz\u00e9si folyamatunk:<\/strong><\/figure>\n<ul>\n<li style=\"list-style-type: none;\">\n<ul>\n<li style=\"list-style-type: none;\">\n<ul style=\"caret-color: #000000; color: #000000;\">\n<li>\n<p><strong>Ellen\u0151rz\u00f6tt besz\u00e1ll\u00edt\u00f3kkal val\u00f3 egy\u00fcttm\u0171k\u00f6d\u00e9s:<\/strong>&nbsp;Minden term\u00e9k megb\u00edzhat\u00f3 forr\u00e1sb\u00f3l sz\u00e1rmazik, \u00e9s szigor\u00fa ellen\u0151rz\u00e9sen megy kereszt\u00fcl.<\/p>\n<\/li>\n<li>\n<p><strong>Min\u0151s\u00e9gellen\u0151rz\u00e9s \u00e9s kategoriz\u00e1l\u00e1s:<\/strong>&nbsp;Minden telefon alapos tesztel\u00e9sen esik \u00e1t, \u00e1llapota alapj\u00e1n oszt\u00e1lyozzuk, valamint funkcionalit\u00e1s \u00e9s megjelen\u00e9s szerint kategoriz\u00e1ljuk (A, B, C oszt\u00e1ly, valamint k\u00fcl\u00f6nb\u00f6z\u0151 besorol\u00e1sok a jav\u00edt\u00e1shoz haszn\u00e1lt k\u00e9sz\u00fcl\u00e9kek eset\u00e9ben).<\/p>\n<\/li>\n<li>\n<p><strong>T\u00e1rol\u00e1s \u00e9s rendel\u00e9s el\u0151k\u00e9sz\u00edt\u00e9se:<\/strong>&nbsp;Az el\u00e9rhet\u0151 modelleket ellen\u0151rz\u00f6tt k\u00f6r\u00fclm\u00e9nyek k\u00f6z\u00f6tt t\u00e1roljuk, \u00e9s b\u00e1rmikor sz\u00e1ll\u00edt\u00e1sra k\u00e9szek.<\/p>\n<\/li>\n<li>\n<p><strong>Gyors sz\u00e1ll\u00edt\u00e1s \u00e9s biztons\u00e1gos tranzakci\u00f3k:<\/strong>&nbsp;Megb\u00edzhat\u00f3 \u00e9s gyors sz\u00e1ll\u00edt\u00e1st biztos\u00edtunk biztons\u00e1gos fizet\u00e9si \u00e9s sz\u00e1ll\u00edt\u00e1si m\u00f3dszerekkel.<\/p>\n<p><strong style=\"font-family: inherit; font-size: var( --e-global-typography-76b703c-font-size );\">Mi\u00e9rt v\u00e1lassza a Mobi Distribution-t?<\/strong><\/p>\n<\/li>\n<\/ul>\n<\/li>\n<li style=\"list-style-type: none;\">\n<ul style=\"caret-color: #000000; color: #000000;\">\n<li>\n<p><strong>Pr\u00e9mium min\u0151s\u00e9g:<\/strong>&nbsp;Minden telefon szigor\u00fa tesztel\u00e9sen megy kereszt\u00fcl, hogy biztos\u00edtsuk az optim\u00e1lis teljes\u00edtm\u00e9nyt \u00e9s funkcionalit\u00e1st.<\/p>\n<\/li>\n<li>\n<p><strong>Sz\u00e9les modellv\u00e1laszt\u00e9k:<\/strong>&nbsp;iPhone-ok, Samsung k\u00e9sz\u00fcl\u00e9kek \u00e9s sok m\u00e1s t\u00edpus, k\u00fcl\u00f6nb\u00f6z\u0151 kateg\u00f3ri\u00e1kban.<\/p>\n<\/li>\n<li>\n<p><strong>Beszerz\u00e9s nemzetk\u00f6zi partnerh\u00e1l\u00f3zaton kereszt\u00fcl:<\/strong>&nbsp;K\u00f6zvetlen besz\u00e1ll\u00edt\u00f3i kapcsolatainknak k\u00f6sz\u00f6nhet\u0151en stabil term\u00e9kell\u00e1t\u00e1st biztos\u00edtunk versenyk\u00e9pes \u00e1rakon.<\/p>\n<\/li>\n<li>\n<p><strong>Gyors \u00e9s biztons\u00e1gos sz\u00e1ll\u00edt\u00e1s:<\/strong>&nbsp;Eur\u00f3pa-szerte sz\u00e1ll\u00edtunk megb\u00edzhat\u00f3 logisztikai partnerekkel, hogy a term\u00e9kek id\u0151ben meg\u00e9rkezzenek.<\/p>\n<\/li>\n<li>\n<p><strong>\u00dcgyf\u00e9lszolg\u00e1lat:<\/strong>&nbsp;Csapatunk k\u00e9szen \u00e1ll arra, hogy seg\u00edtsen \u00d6nnek, \u00e9s a legjobb megold\u00e1sokat k\u00edn\u00e1lja v\u00e1llalkoz\u00e1sa sz\u00e1m\u00e1ra.<\/p>\n<\/li>\n<\/ul>\n<\/li>\n<\/ul>\n<\/li>\n<\/ul>\n<h3 style=\"letter-spacing: normal; word-spacing: 0px; caret-color: #000000;\">&nbsp;<\/h3>\n<ul>\n<li style=\"list-style-type: none;\">&nbsp;<\/li>\n<\/ul>\n<p><!-- \/wp:list-item --><\/p>\n<p><!-- \/wp:list --><\/p>\n<p><!-- wp:image {\"align\":\"center\",\"id\":1274,\"width\":517,\"height\":388,\"sizeSlug\":\"full\",\"linkDestination\":\"custom\"} --><\/p>\n<figure><a href=\"https:\/\/buy.mobidistribution.fr\/stock?category=PHONES&amp;warehouseGroup=101&amp;part_message=No%20Part%20Message&amp;lock_status=GSM%20Unlocked\"><img fetchpriority=\"high\" decoding=\"async\" src=\"https:\/\/mobidistribution.eu\/wp-content\/uploads\/2025\/02\/IMG_6466.heic\" alt=\"\" width=\"517\" height=\"388\"><\/a><\/figure>\n<figure><strong style=\"caret-color: #000000; color: #000000; font-family: inherit; font-size: var( --e-global-typography-76b703c-font-size );\">Rendel\u00e9si folyamat:<\/strong><\/figure>\n<figure><span style=\"caret-color: #000000; color: #000000;\">Tekintse meg katal\u00f3gusunkat, \u00e9s v\u00e1lassza ki az \u00d6n ig\u00e9nyeinek megfelel\u0151 term\u00e9keket.<\/span><\/figure>\n<figure><span style=\"caret-color: #000000; color: #000000;\">L\u00e9pjen be aj\u00e1nlati rendszer\u00fcnkbe weboldalunkon, hogy a legjobb \u00e1rakon v\u00e1s\u00e1rolhasson telefonokat.<\/span><\/figure>\n<figure><span style=\"caret-color: #000000; color: #000000;\">Minden aj\u00e1nlatra d\u00e9lut\u00e1n v\u00e1laszolunk.<\/span><\/figure>\n<figure><span style=\"caret-color: #000000; color: #000000;\">V\u00e9gezze el a biztons\u00e1gos fizet\u00e9st.<\/span><\/figure>\n<figure><span style=\"caret-color: #000000; color: #000000;\">Megrendel\u00e9s\u00e9t gyorsan \u00e9s biztons\u00e1gosan kisz\u00e1ll\u00edtjuk.<\/span><\/figure>\n<figure><strong style=\"caret-color: #000000; color: #000000;\"><a href=\"https:\/\/buy.mobidistribution.fr\/stock?warehouseGroup=101\">L\u00e9pjen be aj\u00e1nlati rendszer\u00fcnkbe most, \u00e9s tal\u00e1lja meg a legjobb lehet\u0151s\u00e9geket v\u00e1llalkoz\u00e1sa sz\u00e1m\u00e1ra.<\/a><\/strong><\/figure>\n<ol>\n<li style=\"list-style-type: none;\">&nbsp;<\/li>\n<\/ol>\n<p><!-- \/wp:paragraph --><\/p>\t\t\t\t\t\t\t\t<\/div>\n\t\t\t\t<\/div>\n\t\t\t\t\t<\/div>\n\t\t<\/div>\n\t\t\t\t\t<\/div>\n\t\t<\/section>\n\t\t\t\t<\/div>","protected":false},"excerpt":{"rendered":"<p>A technol\u00f3giai innov\u00e1ci\u00f3 korszak\u00e1ban a megb\u00edzhat\u00f3 mobiltelefonok ir\u00e1nti kereslet gyorsan n\u00f6vekszik. A&nbsp;Mobi Distribution&nbsp;az ide\u00e1lis v\u00e1laszt\u00e1s azoknak a v\u00e1llalkoz\u00e1soknak, amelyek kiv\u00e1l\u00f3 min\u0151s\u00e9g\u0171 haszn\u00e1lt iPhone-okat keresnek versenyk\u00e9pes \u00e1ron. Azzal, hogy garant\u00e1ljuk, hogy minden eszk\u00f6z szigor\u00fa min\u0151s\u00e9gellen\u0151rz\u00e9sen esik \u00e1t, biztos\u00edtjuk, hogy partnereink csak a legjobb lehet\u0151s\u00e9geket kapj\u00e1k meg \u00fcgyfeleik sz\u00e1m\u00e1ra. &nbsp;Mi az a Mobi Distribution? A&nbsp;Mobi Distribution&nbsp;egy tapasztalt&nbsp;B2B [&hellip;]<\/p>\n","protected":false},"author":12,"featured_media":0,"parent":0,"menu_order":0,"comment_status":"closed","ping_status":"closed","template":"","meta":{"footnotes":""},"class_list":["post-1290","page","type-page","status-publish","hentry"],"_links":{"self":[{"href":"https:\/\/mobidistribution.eu\/en\/wp-json\/wp\/v2\/pages\/1290","targetHints":{"allow":["GET"]}}],"collection":[{"href":"https:\/\/mobidistribution.eu\/en\/wp-json\/wp\/v2\/pages"}],"about":[{"href":"https:\/\/mobidistribution.eu\/en\/wp-json\/wp\/v2\/types\/page"}],"author":[{"embeddable":true,"href":"https:\/\/mobidistribution.eu\/en\/wp-json\/wp\/v2\/users\/12"}],"replies":[{"embeddable":true,"href":"https:\/\/mobidistribution.eu\/en\/wp-json\/wp\/v2\/comments?post=1290"}],"version-history":[{"count":11,"href":"https:\/\/mobidistribution.eu\/en\/wp-json\/wp\/v2\/pages\/1290\/revisions"}],"predecessor-version":[{"id":1411,"href":"https:\/\/mobidistribution.eu\/en\/wp-json\/wp\/v2\/pages\/1290\/revisions\/1411"}],"wp:attachment":[{"href":"https:\/\/mobidistribution.eu\/en\/wp-json\/wp\/v2\/media?parent=1290"}],"curies":[{"name":"wp","href":"https:\/\/api.w.org\/{rel}","templated":true}]}}