{"id":1310,"date":"2025-02-07T16:06:41","date_gmt":"2025-02-07T16:06:41","guid":{"rendered":"https:\/\/mobidistribution.eu\/?page_id=1310"},"modified":"2025-02-07T17:05:28","modified_gmt":"2025-02-07T17:05:28","slug":"velkoobchod-s-iphony-macy-pouzitymi-repasovanymi","status":"publish","type":"page","link":"https:\/\/mobidistribution.eu\/en\/velkoobchod-s-iphony-macy-pouzitymi-repasovanymi\/","title":{"rendered":"Velkoobchod s iPhony\/Macy\/pou\u017eit\u00fdmi\/repasovan\u00fdmi"},"content":{"rendered":"<div data-elementor-type=\"wp-page\" data-elementor-id=\"1310\" class=\"elementor elementor-1310\" data-elementor-post-type=\"page\">\n\t\t\t\t\t\t<section class=\"elementor-section elementor-top-section elementor-element elementor-element-08bbfa2 elementor-section-boxed elementor-section-height-default elementor-section-height-default\" data-id=\"08bbfa2\" data-element_type=\"section\" data-e-type=\"section\">\n\t\t\t\t\t\t<div class=\"elementor-container elementor-column-gap-default\">\n\t\t\t\t\t<div class=\"elementor-column elementor-col-100 elementor-top-column elementor-element elementor-element-568bd09\" data-id=\"568bd09\" data-element_type=\"column\" data-e-type=\"column\">\n\t\t\t<div class=\"elementor-widget-wrap elementor-element-populated\">\n\t\t\t\t\t\t<div class=\"elementor-element elementor-element-d68a676 elementor-widget elementor-widget-text-editor\" data-id=\"d68a676\" data-element_type=\"widget\" data-e-type=\"widget\" data-widget_type=\"text-editor.default\">\n\t\t\t\t<div class=\"elementor-widget-container\">\n\t\t\t\t\t\t\t\t\t<h3 style=\"letter-spacing: normal; word-spacing: 0px; caret-color: #000000;\"><span style=\"font-weight: 400; color: #010102; font-size: 16px;\">V \u00e9\u0159e technologick\u00fdch inovac\u00ed rychle roste popt\u00e1vka po spolehliv\u00fdch mobiln\u00edch telefonech.\u00a0<\/span><strong style=\"color: #010102; font-size: 16px;\">Mobi Distribution<\/strong><span style=\"font-weight: 400; color: #010102; font-size: 16px;\">\u00a0je ide\u00e1ln\u00ed volbou pro podniky hledaj\u00edc\u00ed vysoce kvalitn\u00ed pou\u017eit\u00e9 iPhony za konkurenceschopn\u00e9 ceny. D\u00edky na\u0161\u00ed garanci, \u017ee ka\u017ed\u00e9 za\u0159\u00edzen\u00ed proch\u00e1z\u00ed p\u0159\u00edsnou kontrolou kvality, zaji\u0161\u0165ujeme, \u017ee na\u0161i partne\u0159i dostanou pouze ty nejlep\u0161\u00ed mo\u017enosti pro sv\u00e9 z\u00e1kazn\u00edky.<\/span><\/h3>\n<h3 style=\"letter-spacing: normal; word-spacing: 0px; caret-color: #000000;\"><strong>Co je Mobi Distribution?<\/strong><\/h3>\n<p style=\"font-weight: 400;\"><strong>Mobi Distribution<\/strong>\u00a0je zku\u0161en\u00fd\u00a0<strong>B2B dodavatel<\/strong>, specializuj\u00edc\u00ed se na prodej pou\u017eit\u00fdch telefon\u016f (zejm\u00e9na iPhon\u016f a Samsung\u016f) a Mac\u016f. Spolupracujeme s d\u016fv\u011bryhodn\u00fdmi dodavateli v\u00a0<strong>USA a Evrop\u011b<\/strong>abychom zajistili stabiln\u00ed dod\u00e1vky vysoce kvalitn\u00edch produkt\u016f. Firmy, kter\u00e9 s n\u00e1mi spolupracuj\u00ed, \u0161et\u0159\u00ed \u010das a sni\u017euj\u00ed rizika spojen\u00e1 s n\u00e1kupem z nejist\u00fdch zdroj\u016f.<\/p>\n<p><!-- \/wp:paragraph --><\/p>\n<p><!-- wp:image {\"id\":1270,\"sizeSlug\":\"large\",\"linkDestination\":\"custom\"} --><\/p>\n<figure><a href=\"https:\/\/buy.mobidistribution.fr\/stock?warehouseGroup=101\"><img decoding=\"async\" src=\"https:\/\/px-saas-prod-wordpress-assets.s3.amazonaws.com\/Mobi\/wp-content\/uploads\/2025\/02\/07101625\/Capture-decran-2025-02-07-a-11.16.15-1024x442.png\" alt=\"\" \/><\/a><strong style=\"caret-color: #000000; color: #000000; font-family: inherit; font-size: var( --e-global-typography-76b703c-font-size );\">T<\/strong><\/figure>\n<h3 style=\"letter-spacing: normal; word-spacing: 0px; caret-color: #000000;\"><strong>N\u00e1\u0161 proces z\u00edsk\u00e1v\u00e1n\u00ed telefon\u016f:<\/strong><\/h3>\n<ul style=\"caret-color: #000000; color: #000000;\">\n<li>\n<p><strong>Spolupr\u00e1ce s certifikovan\u00fdmi dodavateli:<\/strong>\u00a0V\u0161echny na\u0161e produkty poch\u00e1zej\u00ed z d\u016fv\u011bryhodn\u00fdch zdroj\u016f a proch\u00e1zej\u00ed p\u0159\u00edsnou kontrolou.<\/p>\n<\/li>\n<li>\n<p><strong>Testov\u00e1n\u00ed kvality a kategorizace:<\/strong>\u00a0Ka\u017ed\u00fd telefon je d\u016fkladn\u011b testov\u00e1n, hodnocen podle sv\u00e9ho stavu a kategorizov\u00e1n podle funk\u010dnosti a vzhledu (t\u0159\u00eddy A, B, C a dal\u0161\u00ed kategorie pou\u017e\u00edvan\u00e9 pro opravy telefon\u016f).<\/p>\n<\/li>\n<li>\n<p><strong>Skladov\u00e1n\u00ed a p\u0159\u00edprava objedn\u00e1vek:<\/strong>\u00a0Dostupn\u00e9 modely jsou skladov\u00e1ny v kontrolovan\u00fdch podm\u00ednk\u00e1ch a jsou p\u0159ipraveny k okam\u017eit\u00e9mu odesl\u00e1n\u00ed.<\/p>\n<\/li>\n<li>\n<p><strong>Rychl\u00e1 p\u0159eprava a bezpe\u010dn\u00e9 transakce:<\/strong>\u00a0Zaji\u0161\u0165ujeme spolehliv\u00e9 a rychl\u00e9 doru\u010den\u00ed s bezpe\u010dn\u00fdmi platebn\u00edmi a p\u0159epravn\u00edmi metodami.<\/p>\n<\/li>\n<\/ul>\n<h3 style=\"letter-spacing: normal; word-spacing: 0px; caret-color: #000000;\"><strong>Pro\u010d si vybrat Mobi Distribution?<\/strong><\/h3>\n<ul style=\"caret-color: #000000; color: #000000;\">\n<li>\n<p><strong>Pr\u00e9miov\u00e1 kvalita:<\/strong>\u00a0Ka\u017ed\u00fd telefon proch\u00e1z\u00ed p\u0159\u00edsn\u00fdmi testy, aby byla zaru\u010dena optim\u00e1ln\u00ed funk\u010dnost a v\u00fdkon.<\/p>\n<\/li>\n<li>\n<p><strong>\u0160irok\u00e1 nab\u00eddka model\u016f:<\/strong>\u00a0iPhony, Samsungy a dal\u0161\u00ed zna\u010dky dostupn\u00e9 v r\u016fzn\u00fdch kategori\u00edch.<\/p>\n<\/li>\n<li>\n<p><strong>Z\u00e1sobov\u00e1n\u00ed prost\u0159ednictv\u00edm mezin\u00e1rodn\u00ed s\u00edt\u011b partner\u016f:<\/strong>\u00a0Stabiln\u00ed dod\u00e1vky produkt\u016f za konkurenceschopn\u00e9 ceny d\u00edky p\u0159\u00edm\u00e9 spolupr\u00e1ci s dodavateli.<\/p>\n<\/li>\n<li>\n<p><strong>Rychl\u00e9 a bezpe\u010dn\u00e9 doru\u010den\u00ed:<\/strong>\u00a0Doru\u010dujeme po cel\u00e9 Evrop\u011b ve spolupr\u00e1ci s d\u016fv\u011bryhodn\u00fdmi logistick\u00fdmi partnery, abychom zajistili v\u010dasn\u00e9 dod\u00e1n\u00ed.<\/p>\n<\/li>\n<li>\n<p><strong>Z\u00e1kaznick\u00e1 podpora:<\/strong>\u00a0N\u00e1\u0161 t\u00fdm je k dispozici, aby v\u00e1m pomohl a nab\u00eddl nejlep\u0161\u00ed \u0159e\u0161en\u00ed p\u0159izp\u016fsoben\u00e1 va\u0161emu podnik\u00e1n\u00ed.<\/p>\n<\/li>\n<\/ul>\n<h3 style=\"letter-spacing: normal; word-spacing: 0px; caret-color: #000000;\">\u00a0<\/h3>\n<p><!-- \/wp:list-item --><\/p>\n<p><!-- \/wp:list --><\/p>\n<p><!-- wp:image {\"align\":\"center\",\"id\":1274,\"width\":517,\"height\":388,\"sizeSlug\":\"full\",\"linkDestination\":\"custom\"} --><\/p>\n<figure><a href=\"https:\/\/buy.mobidistribution.fr\/stock?category=PHONES&amp;warehouseGroup=101&amp;part_message=No%20Part%20Message&amp;lock_status=GSM%20Unlocked\"><img fetchpriority=\"high\" decoding=\"async\" src=\"https:\/\/mobidistribution.eu\/wp-content\/uploads\/2025\/02\/IMG_6466.heic\" alt=\"\" width=\"517\" height=\"388\" \/><\/a><\/figure>\n<figure>\n<h3 style=\"letter-spacing: normal; word-spacing: 0px; caret-color: #000000;\"><strong>Proces objedn\u00e1vky:<\/strong><\/h3>\n<ol style=\"caret-color: #000000; color: #000000;\">\n<li>\n<p>Projd\u011bte si n\u00e1\u0161 katalog a vyberte produkty, kter\u00e9 odpov\u00eddaj\u00ed va\u0161im pot\u0159eb\u00e1m.<\/p>\n<\/li>\n<li>\n<p>P\u0159istupte k na\u0161emu nab\u00eddkov\u00e9mu syst\u00e9mu na na\u0161em webu a z\u00edskejte telefony za nejlep\u0161\u00ed ceny.<\/p>\n<\/li>\n<li>\n<p>Na v\u0161echny nab\u00eddky odpov\u00edd\u00e1me v odpoledn\u00edch hodin\u00e1ch.<\/p>\n<\/li>\n<li>\n<p>Prove\u010fte bezpe\u010dnou platbu.<\/p>\n<\/li>\n<li>\n<p>Va\u0161e objedn\u00e1vka bude rychle a bezpe\u010dn\u011b odesl\u00e1na.<\/p>\n<\/li>\n<\/ol>\n<p style=\"caret-color: #000000; color: #000000;\"><strong>P\u0159istupte k na\u0161emu nab\u00eddkov\u00e9mu syst\u00e9mu nyn\u00ed a najd\u011bte ty nejlep\u0161\u00ed p\u0159\u00edle\u017eitosti pro sv\u00e9 podnik\u00e1n\u00ed.<\/strong><\/p>\n<\/figure>\n<ol>\n<li style=\"list-style-type: none;\">\u00a0<\/li>\n<\/ol>\n<p><!-- \/wp:paragraph --><\/p>\t\t\t\t\t\t\t\t<\/div>\n\t\t\t\t<\/div>\n\t\t\t\t\t<\/div>\n\t\t<\/div>\n\t\t\t\t\t<\/div>\n\t\t<\/section>\n\t\t\t\t<\/div>","protected":false},"excerpt":{"rendered":"<p>V \u00e9\u0159e technologick\u00fdch inovac\u00ed rychle roste popt\u00e1vka po spolehliv\u00fdch mobiln\u00edch telefonech.\u00a0Mobi Distribution\u00a0je ide\u00e1ln\u00ed volbou pro podniky hledaj\u00edc\u00ed vysoce kvalitn\u00ed pou\u017eit\u00e9 iPhony za konkurenceschopn\u00e9 ceny. D\u00edky na\u0161\u00ed garanci, \u017ee ka\u017ed\u00e9 za\u0159\u00edzen\u00ed proch\u00e1z\u00ed p\u0159\u00edsnou kontrolou kvality, zaji\u0161\u0165ujeme, \u017ee na\u0161i partne\u0159i dostanou pouze ty nejlep\u0161\u00ed mo\u017enosti pro sv\u00e9 z\u00e1kazn\u00edky. Co je Mobi Distribution? Mobi Distribution\u00a0je zku\u0161en\u00fd\u00a0B2B dodavatel, specializuj\u00edc\u00ed [&hellip;]<\/p>\n","protected":false},"author":12,"featured_media":0,"parent":0,"menu_order":0,"comment_status":"closed","ping_status":"closed","template":"","meta":{"footnotes":""},"class_list":["post-1310","page","type-page","status-publish","hentry"],"_links":{"self":[{"href":"https:\/\/mobidistribution.eu\/en\/wp-json\/wp\/v2\/pages\/1310","targetHints":{"allow":["GET"]}}],"collection":[{"href":"https:\/\/mobidistribution.eu\/en\/wp-json\/wp\/v2\/pages"}],"about":[{"href":"https:\/\/mobidistribution.eu\/en\/wp-json\/wp\/v2\/types\/page"}],"author":[{"embeddable":true,"href":"https:\/\/mobidistribution.eu\/en\/wp-json\/wp\/v2\/users\/12"}],"replies":[{"embeddable":true,"href":"https:\/\/mobidistribution.eu\/en\/wp-json\/wp\/v2\/comments?post=1310"}],"version-history":[{"count":15,"href":"https:\/\/mobidistribution.eu\/en\/wp-json\/wp\/v2\/pages\/1310\/revisions"}],"predecessor-version":[{"id":1379,"href":"https:\/\/mobidistribution.eu\/en\/wp-json\/wp\/v2\/pages\/1310\/revisions\/1379"}],"wp:attachment":[{"href":"https:\/\/mobidistribution.eu\/en\/wp-json\/wp\/v2\/media?parent=1310"}],"curies":[{"name":"wp","href":"https:\/\/api.w.org\/{rel}","templated":true}]}}