{"id":1336,"date":"2025-02-07T16:18:09","date_gmt":"2025-02-07T16:18:09","guid":{"rendered":"https:\/\/mobidistribution.eu\/?page_id=1336"},"modified":"2025-02-07T17:04:28","modified_gmt":"2025-02-07T17:04:28","slug":"grossista-di-iphone-mac-usati-ricondizionati","status":"publish","type":"page","link":"https:\/\/mobidistribution.eu\/en\/grossista-di-iphone-mac-usati-ricondizionati\/","title":{"rendered":"Grossista di iPhone\/Mac\/usati\/ricondizionati"},"content":{"rendered":"<div data-elementor-type=\"wp-page\" data-elementor-id=\"1336\" class=\"elementor elementor-1336\" data-elementor-post-type=\"page\">\n\t\t\t\t\t\t<section class=\"elementor-section elementor-top-section elementor-element elementor-element-838ab71 elementor-section-boxed elementor-section-height-default elementor-section-height-default\" data-id=\"838ab71\" data-element_type=\"section\" data-e-type=\"section\">\n\t\t\t\t\t\t<div class=\"elementor-container elementor-column-gap-default\">\n\t\t\t\t\t<div class=\"elementor-column elementor-col-100 elementor-top-column elementor-element elementor-element-647020e\" data-id=\"647020e\" data-element_type=\"column\" data-e-type=\"column\">\n\t\t\t<div class=\"elementor-widget-wrap elementor-element-populated\">\n\t\t\t\t\t\t<div class=\"elementor-element elementor-element-4ec903a elementor-widget elementor-widget-text-editor\" data-id=\"4ec903a\" data-element_type=\"widget\" data-e-type=\"widget\" data-widget_type=\"text-editor.default\">\n\t\t\t\t<div class=\"elementor-widget-container\">\n\t\t\t\t\t\t\t\t\t<p><\/p>\n<p>Nell'era dell'innovazione tecnologica, la domanda di telefoni cellulari affidabili \u00e8 in rapido aumento.&nbsp;<strong>Mobi Distribution<\/strong>\u00e8 la scelta ideale per le aziende che cercano iPhone usati di alta qualit\u00e0 a prezzi competitivi. Con la nostra garanzia che ogni dispositivo viene sottoposto a rigorosi controlli di qualit\u00e0, assicuriamo ai nostri partner solo le migliori opzioni per i loro clienti.<\/p>\n<h3 style=\"letter-spacing: normal; word-spacing: 0px;\"><strong>Che cos'\u00e8 Mobi Distribution?<\/strong><\/h3>\n<p><\/p>\n<h3 style=\"letter-spacing: normal; word-spacing: 0px;\"><strong><\/strong><\/h3>\n<p><\/p>\n<p style=\"font-style: normal; font-variant-caps: normal; font-weight: 400; letter-spacing: normal; orphans: auto; text-align: start; text-indent: 0px; text-transform: none; white-space: normal; widows: auto; word-spacing: 0px; -webkit-text-stroke-width: 0px; text-decoration: none; caret-color: rgb(0, 0, 0); color: rgb(0, 0, 0);\"><strong>Mobi Distribution<\/strong>&nbsp;\u00e8 un esperto&nbsp;<strong>fornitore B2B<\/strong>, specializzato nella vendita di telefoni usati (principalmente iPhone e Samsung) e Mac. Collaboriamo con fornitori affidabili negli&nbsp;<strong>Stati Uniti e in Europa<\/strong>&nbsp;per garantire un approvigionamento stabile di prodotti di alta qualit\u00e0. Le aziende che lavorano con noi risparmiano tempo e riducono i rischi legati all'approvvigionamento da fonti incerte.<\/p>\n<p><\/p>\n<p><\/p>\n<figure class=\"wp-block-image size-large\"><a href=\"https:\/\/buy.mobidistribution.fr\/stock?warehouseGroup=101\"><img fetchpriority=\"high\" decoding=\"async\" width=\"1024\" height=\"442\" class=\"wp-image-1270\" src=\"https:\/\/px-saas-prod-wordpress-assets.s3.amazonaws.com\/Mobi\/wp-content\/uploads\/2025\/02\/07101625\/Capture-decran-2025-02-07-a-11.16.15-1024x442.png\" alt=\"\" srcset=\"https:\/\/px-saas-prod-wordpress-assets.s3.amazonaws.com\/Mobi\/wp-content\/uploads\/2025\/02\/07101625\/Capture-decran-2025-02-07-a-11.16.15-1024x442.png 1024w, https:\/\/px-saas-prod-wordpress-assets.s3.amazonaws.com\/Mobi\/wp-content\/uploads\/2025\/02\/07101625\/Capture-decran-2025-02-07-a-11.16.15-300x129.png 300w, https:\/\/px-saas-prod-wordpress-assets.s3.amazonaws.com\/Mobi\/wp-content\/uploads\/2025\/02\/07101625\/Capture-decran-2025-02-07-a-11.16.15-768x331.png 768w, https:\/\/px-saas-prod-wordpress-assets.s3.amazonaws.com\/Mobi\/wp-content\/uploads\/2025\/02\/07101625\/Capture-decran-2025-02-07-a-11.16.15.png 1168w\" sizes=\"(max-width: 1024px) 100vw, 1024px\" \/><\/a><\/figure>\n<p><\/p>\n<p><\/p>\n<h3 style=\"letter-spacing: normal; word-spacing: 0px;\"><strong>Il nostro processo di approvvigionamento di telefoni:<\/strong><\/h3>\n<ul>\n<li>\n<p><strong>Collaborazione con fornitori certificati:<\/strong>&nbsp;Tutti i nostri prodotti provengono da fonti affidabili e sono sottoposti a rigorose ispezioni.<\/p>\n<\/li>\n<li>\n<p><strong>Test di qualit\u00e0 e categorizzazione:<\/strong>&nbsp;Ogni telefono viene accuratamente testato, classificato in base alle sue condizioni e categorizzato secondo la funzionalit\u00e0 e l'aspetto (Grado A, B, C e altre classificazioni per la riparazione).<\/p>\n<\/li>\n<li>\n<p><strong>Stoccaggio e preparazione degli ordini:<\/strong>&nbsp;I modelli disponibili vengono conservati in condizioni controllate e sono pronti per essere spediti in qualsiasi momento.<\/p>\n<\/li>\n<li>\n<p><strong>Spedizione rapida e transazioni sicure:<\/strong>&nbsp;Garantiamo consegne affidabili e veloci con metodi di pagamento e spedizione sicuri.<\/p>\n<\/li>\n<\/ul>\n<h3 style=\"letter-spacing: normal; word-spacing: 0px;\"><strong>Why choose Mobi Distribution?<\/strong><\/h3>\n<p><\/p>\n<h3 style=\"letter-spacing: normal; word-spacing: 0px;\"><strong><\/strong><\/h3>\n<p><\/p>\n<ul style=\"font-style: normal; font-variant-caps: normal; font-weight: 400; letter-spacing: normal; orphans: auto; text-align: start; text-indent: 0px; text-transform: none; white-space: normal; widows: auto; word-spacing: 0px; -webkit-text-stroke-width: 0px; text-decoration: none; caret-color: rgb(0, 0, 0); color: rgb(0, 0, 0);\">\n<li>\n<p><strong>Qualit\u00e0 superiore:<\/strong>&nbsp;Ogni telefono \u00e8 sottoposto a test rigorosi per garantire prestazioni e funzionalit\u00e0 ottimali.<\/p>\n<\/li>\n<li>\n<p><strong>Ampia gamma di modelli:<\/strong>&nbsp;iPhone, Samsung e altri marchi, disponibili in diversi gradi.<\/p>\n<\/li>\n<li>\n<p><strong>Approvigionamento tramite una rete internazionale di partner:<\/strong>&nbsp;Un'offerta stabile di prodotti a prezzi competitivi grazie alla nostra collaborazione diretta con i fornitori.<\/p>\n<\/li>\n<li>\n<p><strong>Spedizione rapida e sicura:<\/strong>&nbsp;Consegniamo in tutta Europa grazie a partner logistici affidabili, garantendo puntualit\u00e0 nelle consegne.<\/p>\n<\/li>\n<li>\n<p><strong>Servizio clienti:<\/strong>&nbsp;Il nostro team \u00e8 a disposizione per guidarti e offertti le migliori soluzioni per la tua azienda.<\/p>\n<\/li>\n<\/ul>\n<ul>\n<li style=\"list-style-type: none;\">\n<ul>\n<\/ul>\n<\/li>\n<\/ul>\n<p><\/p>\n<p><!-- \/wp:list --><\/p>\n<p><!-- wp:image {\"align\":\"center\",\"id\":1274,\"width\":517,\"height\":388,\"sizeSlug\":\"full\",\"linkDestination\":\"custom\"} --><\/p>\n<figure class=\"wp-block-image aligncenter size-full is-resized\"><a href=\"https:\/\/buy.mobidistribution.fr\/stock?category=PHONES&amp;warehouseGroup=101&amp;part_message=No%20Part%20Message&amp;lock_status=GSM%20Unlocked\"><img decoding=\"async\" class=\"wp-image-1274\" src=\"https:\/\/mobidistribution.eu\/wp-content\/uploads\/2025\/02\/IMG_6466.heic\" alt=\"\" width=\"517\" height=\"388\"><\/a><\/figure>\n<p><!-- \/wp:image --><\/p>\n<p><!-- wp:paragraph --><\/p>\n<h3 style=\"letter-spacing: normal; word-spacing: 0px;\"><strong>Processo di ordine:<\/strong><\/h3>\n<ol>\n<li>\n<p>Sfoglia il nostro catalogo e seleziona i prodotti pi\u00f9 adatti alle tue esigenze.<\/p>\n<\/li>\n<li>\n<p>Accedi al nostro sistema di offerte sul nostro sito web per ottenere telefoni ai migliori prezzi.<\/p>\n<\/li>\n<li>\n<p>Rispondiamo a tutte le offerte nel pomeriggio.<\/p>\n<\/li>\n<li>\n<p>Effettua il pagamento in totale sicurezza.<\/p>\n<\/li>\n<li>\n<p>Il tuo ordine verr\u00e0 spedito rapidamente e in sicurezza.<\/p>\n<\/li>\n<\/ol>\n<p><strong><a href=\"https:\/\/buy.mobidistribution.fr\/stock?warehouseGroup=101\">Accedi subito al nostro sistema di offerte e scopri le migliori opportunit\u00e0 per la tua attivit\u00e0.<\/a><\/strong><\/p>\n<p><!-- \/wp:paragraph --><\/p>\t\t\t\t\t\t\t\t<\/div>\n\t\t\t\t<\/div>\n\t\t\t\t\t<\/div>\n\t\t<\/div>\n\t\t\t\t\t<\/div>\n\t\t<\/section>\n\t\t\t\t<\/div>","protected":false},"excerpt":{"rendered":"<p>Nell\u2019era dell\u2019innovazione tecnologica, la domanda di telefoni cellulari affidabili \u00e8 in rapido aumento.&nbsp;Mobi Distribution\u00e8 la scelta ideale per le aziende che cercano iPhone usati di alta qualit\u00e0 a prezzi competitivi. Con la nostra garanzia che ogni dispositivo viene sottoposto a rigorosi controlli di qualit\u00e0, assicuriamo ai nostri partner solo le migliori opzioni per i loro [&hellip;]<\/p>\n","protected":false},"author":12,"featured_media":0,"parent":0,"menu_order":0,"comment_status":"closed","ping_status":"closed","template":"","meta":{"footnotes":""},"class_list":["post-1336","page","type-page","status-publish","hentry"],"_links":{"self":[{"href":"https:\/\/mobidistribution.eu\/en\/wp-json\/wp\/v2\/pages\/1336","targetHints":{"allow":["GET"]}}],"collection":[{"href":"https:\/\/mobidistribution.eu\/en\/wp-json\/wp\/v2\/pages"}],"about":[{"href":"https:\/\/mobidistribution.eu\/en\/wp-json\/wp\/v2\/types\/page"}],"author":[{"embeddable":true,"href":"https:\/\/mobidistribution.eu\/en\/wp-json\/wp\/v2\/users\/12"}],"replies":[{"embeddable":true,"href":"https:\/\/mobidistribution.eu\/en\/wp-json\/wp\/v2\/comments?post=1336"}],"version-history":[{"count":9,"href":"https:\/\/mobidistribution.eu\/en\/wp-json\/wp\/v2\/pages\/1336\/revisions"}],"predecessor-version":[{"id":1373,"href":"https:\/\/mobidistribution.eu\/en\/wp-json\/wp\/v2\/pages\/1336\/revisions\/1373"}],"wp:attachment":[{"href":"https:\/\/mobidistribution.eu\/en\/wp-json\/wp\/v2\/media?parent=1336"}],"curies":[{"name":"wp","href":"https:\/\/api.w.org\/{rel}","templated":true}]}}