{"id":1343,"date":"2025-02-07T17:01:47","date_gmt":"2025-02-07T17:01:47","guid":{"rendered":"https:\/\/mobidistribution.eu\/?page_id=1343"},"modified":"2025-07-11T15:00:38","modified_gmt":"2025-07-11T15:00:38","slug":"atacadista-de-iphones-macs-usados-recondicionados","status":"publish","type":"page","link":"https:\/\/mobidistribution.eu\/en\/atacadista-de-iphones-macs-usados-recondicionados\/","title":{"rendered":"Atacadista de iPhones\/Macs\/usados\/recondicionados"},"content":{"rendered":"<div data-elementor-type=\"wp-page\" data-elementor-id=\"1343\" class=\"elementor elementor-1343\" data-elementor-post-type=\"page\">\n\t\t\t\t\t\t<section class=\"elementor-section elementor-top-section elementor-element elementor-element-0e5c68c elementor-section-boxed elementor-section-height-default elementor-section-height-default\" data-id=\"0e5c68c\" data-element_type=\"section\" data-e-type=\"section\">\n\t\t\t\t\t\t<div class=\"elementor-container elementor-column-gap-default\">\n\t\t\t\t\t<div class=\"elementor-column elementor-col-100 elementor-top-column elementor-element elementor-element-f2c1d83\" data-id=\"f2c1d83\" data-element_type=\"column\" data-e-type=\"column\">\n\t\t\t<div class=\"elementor-widget-wrap elementor-element-populated\">\n\t\t\t\t\t\t<div class=\"elementor-element elementor-element-e13b1ea elementor-widget elementor-widget-text-editor\" data-id=\"e13b1ea\" data-element_type=\"widget\" data-e-type=\"widget\" data-widget_type=\"text-editor.default\">\n\t\t\t\t<div class=\"elementor-widget-container\">\n\t\t\t\t\t\t\t\t\t<p>Na era da inova\u00e7\u00e3o tecnol\u00f3gica, a demanda por telefones m\u00f3veis confi\u00e1veis est\u00e1 crescendo rapidamente.\u00a0<strong>Mobi Distribution<\/strong>\u00a0\u00e9 aescolha ideal para empresas que procuram iPhones usados de alta qualidade a pre\u00e7oscompetitivos. Com a nossa garantia de que cada dispositivo passa por rigorosos testes de qualidade, garantimos que nossos parceiros recebam apenas as melhores op\u00e7\u00f5es para seus clientes.<\/p>\n<h3><strong>O que \u00e9 a Mobi Distribution?<\/strong><\/h3>\n<p><strong>Mobi Distribution<\/strong>\u00a0\u00e9 um experiente\u00a0<strong>fornecedo<\/strong><strong>r B2B<\/strong>especializado na venda de telefones usados(principalmente iPhones e Samsung) e Macs. Colaboramos com fornecedores confi\u00e1veis nos\u00a0<strong>Estados Unidos e na Europa<\/strong>\u00a0para garantir um fornecimento est\u00e1vel de produtos de alta qualidade. As empresas que trabalham conoscoeconomizam tempo e reduzem os riscos associados \u00e0 compra de fornecedores incertos.<\/p>\n<p><!-- \/wp:paragraph --><\/p>\n<p><!-- wp:image {\"id\":1270,\"sizeSlug\":\"large\",\"linkDestination\":\"custom\"} --><\/p>\n<figure class=\"wp-block-image size-large\"><a href=\"https:\/\/buy.mobidistribution.fr\/stock?warehouseGroup=101\"><img fetchpriority=\"high\" decoding=\"async\" width=\"1024\" height=\"442\" class=\"wp-image-1270\" src=\"https:\/\/px-saas-prod-wordpress-assets.s3.amazonaws.com\/Mobi\/wp-content\/uploads\/2025\/02\/07101625\/Capture-decran-2025-02-07-a-11.16.15-1024x442.png\" alt=\"\" srcset=\"https:\/\/px-saas-prod-wordpress-assets.s3.amazonaws.com\/Mobi\/wp-content\/uploads\/2025\/02\/07101625\/Capture-decran-2025-02-07-a-11.16.15-1024x442.png 1024w, https:\/\/px-saas-prod-wordpress-assets.s3.amazonaws.com\/Mobi\/wp-content\/uploads\/2025\/02\/07101625\/Capture-decran-2025-02-07-a-11.16.15-300x129.png 300w, https:\/\/px-saas-prod-wordpress-assets.s3.amazonaws.com\/Mobi\/wp-content\/uploads\/2025\/02\/07101625\/Capture-decran-2025-02-07-a-11.16.15-768x331.png 768w, https:\/\/px-saas-prod-wordpress-assets.s3.amazonaws.com\/Mobi\/wp-content\/uploads\/2025\/02\/07101625\/Capture-decran-2025-02-07-a-11.16.15.png 1168w\" sizes=\"(max-width: 1024px) 100vw, 1024px\" \/><\/a><\/figure>\n<p><!-- \/wp:image --><\/p>\n<p><!-- wp:paragraph --><\/p>\n<h3><strong>Nosso Processo<\/strong><strong style=\"font-size: 16px;\">de Fornecimento de Telefones:<\/strong><\/h3>\n<ul>\n<li>\n<p><strong>Colabora\u00e7\u00e3o com Fornecedores Certificados:<\/strong>\u00a0Todos os nossos produtos v\u00eam de fontes confi\u00e1veis e passam por i<\/p>\n<p>nspe\u00e7\u00f5es rigorosas.<\/p>\n<\/li>\n<li>\n<p><strong>Testes de Qualidade e Categoriza\u00e7\u00e3o:<\/strong> Cada telefone \u00e9 cuidadosamente testado, classificado de<\/p>\n<p>\u00a0acordo com seu estado, e categorizado com base na funcionalidade\u00a0<\/p>\n<p>e apar\u00eancia (Graus A, B, C e outras classifica\u00e7\u00f5es usadas para reparos).<\/p>\n<\/li>\n<li>\n<p><strong>Armazenamento e Prepara\u00e7\u00e3o de Pedidos:<\/strong>\u00a0Os modelos dispon\u00edveis s\u00e3o armazenados em<\/p>\n<p>\u00a0condi\u00e7\u00f5es controladas e est\u00e3o prontos para envio a qualquer mome<\/p>\n<p>nto.<\/p>\n<\/li>\n<li>\n<p><strong>Envio R\u00e1pido e Transa\u00e7\u00f5es Seguras:<\/strong>\u00a0Garantimos uma entrega r\u00e1pida e confi\u00e1vel com m\u00e9todos de pagamento e envio seguros.<\/p>\n<\/li>\n<\/ul>\n<h3><strong>Por que Escolher a Mobi Distribution?<\/strong><\/h3>\n<ul>\n<li style=\"list-style-type: none;\">\n<ul data-start=\"145\" data-end=\"1248\">\n<li data-start=\"145\" data-end=\"345\">\n<p data-start=\"147\" data-end=\"345\"><strong data-start=\"147\" data-end=\"176\">IVA<\/strong><strong data-start=\"147\" data-end=\"176\">transparente e seguro<\/strong><\/p>\n<p data-start=\"147\" data-end=\"345\">Oferecemos tanto\u00a0<strong data-start=\"198\" data-end=\"229\">IVA normal (reverse charge)<\/strong>\u00a0como\u00a0<strong data-start=\"235\" data-end=\"252\">IVA de margem<\/strong>Sem confus\u00e3o - pergunte e ter\u00e1 a resposta!<\/p>\n<\/li>\n<li data-start=\"347\" data-end=\"560\">\n<p data-start=\"349\" data-end=\"560\"><strong data-start=\"349\" data-end=\"379\">Origem confi\u00e1vel e variada<\/strong><br data-start=\"379\" data-end=\"382\" \/>Nossos aparelhos v\u00eam de\u00a0<strong data-start=\"408\" data-end=\"464\">particulares, operadoras e fornecedores certificados<\/strong>\u00a0na\u00a0<strong data-start=\"468\" data-end=\"503\">Europa, \u00c1sia e Am\u00e9rica do Norte<\/strong>. Isso garante qualidade constante e stock diversificado.<\/p>\n<\/li>\n<li data-start=\"562\" data-end=\"764\">\n<p data-start=\"564\" data-end=\"764\"><strong data-start=\"564\" data-end=\"609\">Pre\u00e7os competitivos + descontos em volume<\/strong><br data-start=\"609\" data-end=\"612\" \/>J\u00e1 de partida oferecemos pre\u00e7os agressivos. Mas se voc\u00ea compra em grandes quantidades, temos descontos ainda melhores - fala connosco para saber mais.<\/p>\n<\/li>\n<li data-start=\"766\" data-end=\"935\">\n<p data-start=\"768\" data-end=\"935\"><strong data-start=\"768\" data-end=\"802\">Stock atualizado em tempo real<\/strong><br data-start=\"802\" data-end=\"805\" \/>Vis\u00edvel directamente no site: quantidade dispon\u00edvel, condi\u00e7\u00f5es (A\/B\/C), e se foi testado. Clear information for quick decisions.<\/p>\n<\/li>\n<li data-start=\"937\" data-end=\"1081\">\n<p data-start=\"939\" data-end=\"1081\"><strong data-start=\"939\" data-end=\"981\">Envio r\u00e1pido e seguro em toda a Europa<\/strong><br data-start=\"981\" data-end=\"984\" \/>Utilizamos log\u00edstica profissional para garantir entregas seguras e dentro do prazo, sem stress.<\/p>\n<\/li>\n<li data-start=\"1083\" data-end=\"1248\">\n<p data-start=\"1085\" data-end=\"1248\"><strong data-start=\"1085\" data-end=\"1116\">Suporte dedicado ao cliente<\/strong><br data-start=\"1116\" data-end=\"1119\" \/>Quer um modelo espec\u00edfico? Quer aumentar sua margem? Estamos aqui para ajudar, com respostas r\u00e1pidas e solu\u00e7\u00f5es personalizadas.<\/p>\n<\/li>\n<\/ul>\n<p data-start=\"1250\" data-end=\"1546\"><strong data-start=\"1250\" data-end=\"1283\">De onde v\u00eam nossos aparelhos?<\/strong><br data-start=\"1283\" data-end=\"1286\" \/>Temos uma\u00a0<strong data-start=\"1296\" data-end=\"1318\">rede diversificada<\/strong>Reflorestores de fabrico, operadoras, recupera\u00e7\u00f5es de particulares e traders internacionais. Podemos fornecer tanto stock com\u00a0<strong data-start=\"1446\" data-end=\"1463\">IVA de margem<\/strong>\u00a0como\u00a0<strong data-start=\"1469\" data-end=\"1500\">IVA normal (reverse charge)<\/strong>\u00a0- s\u00f3 pergunte e indicaremos o mais vantajoso.<\/p>\n<\/li>\n<\/ul>\n<ul>\n<li style=\"list-style-type: none;\"><img decoding=\"async\" class=\"aligncenter wp-image-1428 size-large\" src=\"https:\/\/px-saas-prod-wordpress-assets.s3.amazonaws.com\/Mobi\/wp-content\/uploads\/2025\/07\/11132738\/Capture-decran-2025-07-11-a-15.27.33-1024x618.png\" alt=\"\" width=\"800\" height=\"483\" srcset=\"https:\/\/px-saas-prod-wordpress-assets.s3.amazonaws.com\/Mobi\/wp-content\/uploads\/2025\/07\/11132738\/Capture-decran-2025-07-11-a-15.27.33-1024x618.png 1024w, https:\/\/px-saas-prod-wordpress-assets.s3.amazonaws.com\/Mobi\/wp-content\/uploads\/2025\/07\/11132738\/Capture-decran-2025-07-11-a-15.27.33-300x181.png 300w, https:\/\/px-saas-prod-wordpress-assets.s3.amazonaws.com\/Mobi\/wp-content\/uploads\/2025\/07\/11132738\/Capture-decran-2025-07-11-a-15.27.33-768x464.png 768w, https:\/\/px-saas-prod-wordpress-assets.s3.amazonaws.com\/Mobi\/wp-content\/uploads\/2025\/07\/11132738\/Capture-decran-2025-07-11-a-15.27.33-1536x928.png 1536w, https:\/\/px-saas-prod-wordpress-assets.s3.amazonaws.com\/Mobi\/wp-content\/uploads\/2025\/07\/11132738\/Capture-decran-2025-07-11-a-15.27.33-2048x1237.png 2048w\" sizes=\"(max-width: 800px) 100vw, 800px\" \/><\/li>\n<\/ul>\n<p><!-- \/wp:list-item --><\/p>\n<p><!-- \/wp:list --><\/p>\n<p><!-- wp:image {\"align\":\"center\",\"id\":1274,\"width\":517,\"height\":388,\"sizeSlug\":\"full\",\"linkDestination\":\"custom\"} --><\/p>\n<p><!-- \/wp:image --><\/p>\n<p><!-- wp:paragraph --><\/p>\n<h3><strong>Processo de Pedido:<\/strong><\/h3>\n<ol>\n<li>\n<p>Navegue pelo nosso cat\u00e1logo e selecione os produtos que atendem \u00e0s suas necessidades.<\/p>\n<\/li>\n<li>\n<p>Acesse o nosso sistema de ofertas no site para obter telefones aos melhores pre\u00e7os.<\/p>\n<\/li>\n<li>\n<p>Respondemos a todas as ofertas no per\u00edodo da tarde.<\/p>\n<\/li>\n<li>\n<p>Realize o pagamento com seguran\u00e7a.<\/p>\n<\/li>\n<li>\n<p>Seu pedido ser\u00e1 enviado de forma r\u00e1pida e segura.<\/p>\n<\/li>\n<\/ol>\n<p><strong>Acesse agora o nosso sistema de ofertas e encontre as melhores oportunidades para o seu neg\u00f3cio.<\/strong><\/p>\n<p><!-- \/wp:paragraph --><\/p>\t\t\t\t\t\t\t\t<\/div>\n\t\t\t\t<\/div>\n\t\t\t\t\t<\/div>\n\t\t<\/div>\n\t\t\t\t\t<\/div>\n\t\t<\/section>\n\t\t\t\t<\/div>","protected":false},"excerpt":{"rendered":"<p>Na era da inova\u00e7\u00e3o tecnol\u00f3gica, a demanda por telefones m\u00f3veis confi\u00e1veis est\u00e1 crescendo rapidamente.\u00a0Mobi Distribution\u00a0\u00e9 aescolha ideal para empresas que procuram iPhones usados de alta qualidade a pre\u00e7oscompetitivos. Com a nossa garantia de que cada dispositivo passa por rigorosos testes de qualidade, garantimos que nossos parceiros recebam apenas as melhores op\u00e7\u00f5es para seus clientes. O [&hellip;]<\/p>\n","protected":false},"author":12,"featured_media":0,"parent":0,"menu_order":0,"comment_status":"closed","ping_status":"closed","template":"","meta":{"footnotes":""},"class_list":["post-1343","page","type-page","status-publish","hentry"],"_links":{"self":[{"href":"https:\/\/mobidistribution.eu\/en\/wp-json\/wp\/v2\/pages\/1343","targetHints":{"allow":["GET"]}}],"collection":[{"href":"https:\/\/mobidistribution.eu\/en\/wp-json\/wp\/v2\/pages"}],"about":[{"href":"https:\/\/mobidistribution.eu\/en\/wp-json\/wp\/v2\/types\/page"}],"author":[{"embeddable":true,"href":"https:\/\/mobidistribution.eu\/en\/wp-json\/wp\/v2\/users\/12"}],"replies":[{"embeddable":true,"href":"https:\/\/mobidistribution.eu\/en\/wp-json\/wp\/v2\/comments?post=1343"}],"version-history":[{"count":11,"href":"https:\/\/mobidistribution.eu\/en\/wp-json\/wp\/v2\/pages\/1343\/revisions"}],"predecessor-version":[{"id":1431,"href":"https:\/\/mobidistribution.eu\/en\/wp-json\/wp\/v2\/pages\/1343\/revisions\/1431"}],"wp:attachment":[{"href":"https:\/\/mobidistribution.eu\/en\/wp-json\/wp\/v2\/media?parent=1343"}],"curies":[{"name":"wp","href":"https:\/\/api.w.org\/{rel}","templated":true}]}}