{"id":825,"date":"2022-08-31T19:24:09","date_gmt":"2022-08-31T19:24:09","guid":{"rendered":"https:\/\/mobidistribution.eu\/?page_id=825"},"modified":"2022-08-31T22:47:18","modified_gmt":"2022-08-31T22:47:18","slug":"mobi-grading","status":"publish","type":"page","link":"https:\/\/mobidistribution.eu\/en\/mobi-grading\/","title":{"rendered":"Mobi Grading"},"content":{"rendered":"<div data-elementor-type=\"wp-page\" data-elementor-id=\"825\" class=\"elementor elementor-825\" data-elementor-post-type=\"page\">\n\t\t\t\t\t\t<section class=\"elementor-section elementor-top-section elementor-element elementor-element-27ecb22 elementor-section-boxed elementor-section-height-default elementor-section-height-default\" data-id=\"27ecb22\" data-element_type=\"section\" data-e-type=\"section\">\n\t\t\t\t\t\t<div class=\"elementor-container elementor-column-gap-default\">\n\t\t\t\t\t<div class=\"elementor-column elementor-col-100 elementor-top-column elementor-element elementor-element-bcb1137\" data-id=\"bcb1137\" data-element_type=\"column\" data-e-type=\"column\">\n\t\t\t<div class=\"elementor-widget-wrap elementor-element-populated\">\n\t\t\t\t\t\t<div class=\"elementor-element elementor-element-85d1bb6 elementor-widget elementor-widget-image\" data-id=\"85d1bb6\" data-element_type=\"widget\" data-e-type=\"widget\" data-widget_type=\"image.default\">\n\t\t\t\t<div class=\"elementor-widget-container\">\n\t\t\t\t\t\t\t\t\t\t\t\t\t\t\t<img fetchpriority=\"high\" decoding=\"async\" width=\"2048\" height=\"583\" src=\"https:\/\/px-saas-prod-wordpress-assets.s3.amazonaws.com\/Mobi\/wp-content\/uploads\/2022\/08\/31223417\/A-stock-mobi-files-10-2048x583.png\" class=\"attachment-2048x2048 size-2048x2048 wp-image-963\" alt=\"\" srcset=\"https:\/\/px-saas-prod-wordpress-assets.s3.amazonaws.com\/Mobi\/wp-content\/uploads\/2022\/08\/31223417\/A-stock-mobi-files-10-2048x583.png 2048w, https:\/\/px-saas-prod-wordpress-assets.s3.amazonaws.com\/Mobi\/wp-content\/uploads\/2022\/08\/31223417\/A-stock-mobi-files-10-300x85.png 300w, https:\/\/px-saas-prod-wordpress-assets.s3.amazonaws.com\/Mobi\/wp-content\/uploads\/2022\/08\/31223417\/A-stock-mobi-files-10-1024x291.png 1024w, https:\/\/px-saas-prod-wordpress-assets.s3.amazonaws.com\/Mobi\/wp-content\/uploads\/2022\/08\/31223417\/A-stock-mobi-files-10-768x219.png 768w, https:\/\/px-saas-prod-wordpress-assets.s3.amazonaws.com\/Mobi\/wp-content\/uploads\/2022\/08\/31223417\/A-stock-mobi-files-10-1536x437.png 1536w\" sizes=\"(max-width: 2048px) 100vw, 2048px\" \/>\t\t\t\t\t\t\t\t\t\t\t\t\t\t\t<\/div>\n\t\t\t\t<\/div>\n\t\t\t\t\t<\/div>\n\t\t<\/div>\n\t\t\t\t\t<\/div>\n\t\t<\/section>\n\t\t\t\t<section class=\"elementor-section elementor-top-section elementor-element elementor-element-61912c0 elementor-section-boxed elementor-section-height-default elementor-section-height-default\" data-id=\"61912c0\" data-element_type=\"section\" data-e-type=\"section\">\n\t\t\t\t\t\t<div class=\"elementor-container elementor-column-gap-default\">\n\t\t\t\t\t<div class=\"elementor-column elementor-col-100 elementor-top-column elementor-element elementor-element-579cc7e9\" data-id=\"579cc7e9\" data-element_type=\"column\" data-e-type=\"column\">\n\t\t\t<div class=\"elementor-widget-wrap elementor-element-populated\">\n\t\t\t\t\t\t<div class=\"elementor-element elementor-element-bde22fa elementor-widget elementor-widget-spacer\" data-id=\"bde22fa\" data-element_type=\"widget\" data-e-type=\"widget\" data-widget_type=\"spacer.default\">\n\t\t\t\t<div class=\"elementor-widget-container\">\n\t\t\t\t\t\t\t<div class=\"elementor-spacer\">\n\t\t\t<div class=\"elementor-spacer-inner\"><\/div>\n\t\t<\/div>\n\t\t\t\t\t\t<\/div>\n\t\t\t\t<\/div>\n\t\t\t\t<div class=\"elementor-element elementor-element-25a9c8ee elementor-widget elementor-widget-heading\" data-id=\"25a9c8ee\" data-element_type=\"widget\" data-e-type=\"widget\" data-widget_type=\"heading.default\">\n\t\t\t\t<div class=\"elementor-widget-container\">\n\t\t\t\t\t<span class=\"elementor-heading-title elementor-size-default\">We offer premium handsets from American and European telecom operators. All our models are systematically checked and verified by us (with test reports). The IMEI of each device is recorded to ensure product traceability.\nOur expertise also enables us to source, on request,\ngoods purchased from private individuals in Europe\n(eligible for VAT on margin).<\/span>\t\t\t\t<\/div>\n\t\t\t\t<\/div>\n\t\t\t\t<div class=\"elementor-element elementor-element-eaa817e elementor-widget elementor-widget-image\" data-id=\"eaa817e\" data-element_type=\"widget\" data-e-type=\"widget\" data-widget_type=\"image.default\">\n\t\t\t\t<div class=\"elementor-widget-container\">\n\t\t\t\t\t\t\t\t\t\t\t\t\t\t\t<img decoding=\"async\" width=\"631\" height=\"547\" src=\"https:\/\/px-saas-prod-wordpress-assets.s3.amazonaws.com\/Mobi\/wp-content\/uploads\/2022\/08\/31193103\/delais-garantie.jpg\" class=\"attachment-large size-large wp-image-830\" alt=\"\" srcset=\"https:\/\/px-saas-prod-wordpress-assets.s3.amazonaws.com\/Mobi\/wp-content\/uploads\/2022\/08\/31193103\/delais-garantie.jpg 631w, https:\/\/px-saas-prod-wordpress-assets.s3.amazonaws.com\/Mobi\/wp-content\/uploads\/2022\/08\/31193103\/delais-garantie-300x260.jpg 300w\" sizes=\"(max-width: 631px) 100vw, 631px\" \/>\t\t\t\t\t\t\t\t\t\t\t\t\t\t\t<\/div>\n\t\t\t\t<\/div>\n\t\t\t\t<div class=\"elementor-element elementor-element-7a25829 elementor-widget elementor-widget-spacer\" data-id=\"7a25829\" data-element_type=\"widget\" data-e-type=\"widget\" data-widget_type=\"spacer.default\">\n\t\t\t\t<div class=\"elementor-widget-container\">\n\t\t\t\t\t\t\t<div class=\"elementor-spacer\">\n\t\t\t<div class=\"elementor-spacer-inner\"><\/div>\n\t\t<\/div>\n\t\t\t\t\t\t<\/div>\n\t\t\t\t<\/div>\n\t\t\t\t<div class=\"elementor-element elementor-element-6076b09c elementor-widget elementor-widget-spacer\" data-id=\"6076b09c\" data-element_type=\"widget\" data-e-type=\"widget\" data-widget_type=\"spacer.default\">\n\t\t\t\t<div class=\"elementor-widget-container\">\n\t\t\t\t\t\t\t<div class=\"elementor-spacer\">\n\t\t\t<div class=\"elementor-spacer-inner\"><\/div>\n\t\t<\/div>\n\t\t\t\t\t\t<\/div>\n\t\t\t\t<\/div>\n\t\t\t\t<div class=\"elementor-element elementor-element-baead43 elementor-widget elementor-widget-heading\" data-id=\"baead43\" data-element_type=\"widget\" data-e-type=\"widget\" data-widget_type=\"heading.default\">\n\t\t\t\t<div class=\"elementor-widget-container\">\n\t\t\t\t\t<h6 class=\"elementor-heading-title elementor-size-default\">Grading overview<\/h6>\t\t\t\t<\/div>\n\t\t\t\t<\/div>\n\t\t\t\t<div class=\"elementor-element elementor-element-0c6c75b elementor-widget elementor-widget-image\" data-id=\"0c6c75b\" data-element_type=\"widget\" data-e-type=\"widget\" data-widget_type=\"image.default\">\n\t\t\t\t<div class=\"elementor-widget-container\">\n\t\t\t\t\t\t\t\t\t\t\t\t\t\t\t<img decoding=\"async\" width=\"800\" height=\"963\" src=\"https:\/\/px-saas-prod-wordpress-assets.s3.amazonaws.com\/Mobi\/wp-content\/uploads\/2022\/08\/31193219\/tableau.jpg\" class=\"attachment-large size-large wp-image-831\" alt=\"\" srcset=\"https:\/\/px-saas-prod-wordpress-assets.s3.amazonaws.com\/Mobi\/wp-content\/uploads\/2022\/08\/31193219\/tableau.jpg 830w, https:\/\/px-saas-prod-wordpress-assets.s3.amazonaws.com\/Mobi\/wp-content\/uploads\/2022\/08\/31193219\/tableau-249x300.jpg 249w, https:\/\/px-saas-prod-wordpress-assets.s3.amazonaws.com\/Mobi\/wp-content\/uploads\/2022\/08\/31193219\/tableau-768x924.jpg 768w\" sizes=\"(max-width: 800px) 100vw, 800px\" \/>\t\t\t\t\t\t\t\t\t\t\t\t\t\t\t<\/div>\n\t\t\t\t<\/div>\n\t\t\t\t\t<\/div>\n\t\t<\/div>\n\t\t\t\t\t<\/div>\n\t\t<\/section>\n\t\t\t\t<section class=\"elementor-section elementor-top-section elementor-element elementor-element-14c494d2 elementor-section-boxed elementor-section-height-default elementor-section-height-default\" data-id=\"14c494d2\" data-element_type=\"section\" data-e-type=\"section\">\n\t\t\t\t\t\t<div class=\"elementor-container elementor-column-gap-default\">\n\t\t\t\t\t<div class=\"elementor-column elementor-col-100 elementor-top-column elementor-element elementor-element-292a224e\" data-id=\"292a224e\" data-element_type=\"column\" data-e-type=\"column\">\n\t\t\t<div class=\"elementor-widget-wrap elementor-element-populated\">\n\t\t\t\t\t\t<div class=\"elementor-element elementor-element-33f5fdc elementor-widget elementor-widget-spacer\" data-id=\"33f5fdc\" data-element_type=\"widget\" data-e-type=\"widget\" data-widget_type=\"spacer.default\">\n\t\t\t\t<div class=\"elementor-widget-container\">\n\t\t\t\t\t\t\t<div class=\"elementor-spacer\">\n\t\t\t<div class=\"elementor-spacer-inner\"><\/div>\n\t\t<\/div>\n\t\t\t\t\t\t<\/div>\n\t\t\t\t<\/div>\n\t\t\t\t<div class=\"elementor-element elementor-element-625e703 elementor-widget elementor-widget-heading\" data-id=\"625e703\" data-element_type=\"widget\" data-e-type=\"widget\" data-widget_type=\"heading.default\">\n\t\t\t\t<div class=\"elementor-widget-container\">\n\t\t\t\t\t<h6 class=\"elementor-heading-title elementor-size-default\">Grade A<\/h6>\t\t\t\t<\/div>\n\t\t\t\t<\/div>\n\t\t\t\t<div class=\"elementor-element elementor-element-260e8e4 elementor-widget elementor-widget-image\" data-id=\"260e8e4\" data-element_type=\"widget\" data-e-type=\"widget\" data-widget_type=\"image.default\">\n\t\t\t\t<div class=\"elementor-widget-container\">\n\t\t\t\t\t\t\t\t\t\t\t\t\t\t\t<img loading=\"lazy\" decoding=\"async\" width=\"662\" height=\"871\" src=\"https:\/\/px-saas-prod-wordpress-assets.s3.amazonaws.com\/Mobi\/wp-content\/uploads\/2022\/08\/31193457\/gradearose.jpg\" class=\"attachment-large size-large wp-image-832\" alt=\"\" srcset=\"https:\/\/px-saas-prod-wordpress-assets.s3.amazonaws.com\/Mobi\/wp-content\/uploads\/2022\/08\/31193457\/gradearose.jpg 662w, https:\/\/px-saas-prod-wordpress-assets.s3.amazonaws.com\/Mobi\/wp-content\/uploads\/2022\/08\/31193457\/gradearose-228x300.jpg 228w\" sizes=\"(max-width: 662px) 100vw, 662px\" \/>\t\t\t\t\t\t\t\t\t\t\t\t\t\t\t<\/div>\n\t\t\t\t<\/div>\n\t\t\t\t\t<\/div>\n\t\t<\/div>\n\t\t\t\t\t<\/div>\n\t\t<\/section>\n\t\t\t\t<section class=\"elementor-section elementor-top-section elementor-element elementor-element-a0b0931 elementor-section-boxed elementor-section-height-default elementor-section-height-default\" data-id=\"a0b0931\" data-element_type=\"section\" data-e-type=\"section\">\n\t\t\t\t\t\t<div class=\"elementor-container elementor-column-gap-default\">\n\t\t\t\t\t<div class=\"elementor-column elementor-col-100 elementor-top-column elementor-element elementor-element-0676211\" data-id=\"0676211\" data-element_type=\"column\" data-e-type=\"column\">\n\t\t\t<div class=\"elementor-widget-wrap elementor-element-populated\">\n\t\t\t\t\t\t<div class=\"elementor-element elementor-element-e3e22e8 elementor-widget elementor-widget-spacer\" data-id=\"e3e22e8\" data-element_type=\"widget\" data-e-type=\"widget\" data-widget_type=\"spacer.default\">\n\t\t\t\t<div class=\"elementor-widget-container\">\n\t\t\t\t\t\t\t<div class=\"elementor-spacer\">\n\t\t\t<div class=\"elementor-spacer-inner\"><\/div>\n\t\t<\/div>\n\t\t\t\t\t\t<\/div>\n\t\t\t\t<\/div>\n\t\t\t\t<div class=\"elementor-element elementor-element-381755b elementor-widget elementor-widget-heading\" data-id=\"381755b\" data-element_type=\"widget\" data-e-type=\"widget\" data-widget_type=\"heading.default\">\n\t\t\t\t<div class=\"elementor-widget-container\">\n\t\t\t\t\t<h6 class=\"elementor-heading-title elementor-size-default\">Grade B<\/h6>\t\t\t\t<\/div>\n\t\t\t\t<\/div>\n\t\t\t\t<div class=\"elementor-element elementor-element-c04caa3 elementor-widget elementor-widget-image\" data-id=\"c04caa3\" data-element_type=\"widget\" data-e-type=\"widget\" data-widget_type=\"image.default\">\n\t\t\t\t<div class=\"elementor-widget-container\">\n\t\t\t\t\t\t\t\t\t\t\t\t\t\t\t<img loading=\"lazy\" decoding=\"async\" width=\"662\" height=\"871\" src=\"https:\/\/px-saas-prod-wordpress-assets.s3.amazonaws.com\/Mobi\/wp-content\/uploads\/2022\/08\/31193612\/gradebrose.jpg\" class=\"attachment-large size-large wp-image-836\" alt=\"\" srcset=\"https:\/\/px-saas-prod-wordpress-assets.s3.amazonaws.com\/Mobi\/wp-content\/uploads\/2022\/08\/31193612\/gradebrose.jpg 662w, https:\/\/px-saas-prod-wordpress-assets.s3.amazonaws.com\/Mobi\/wp-content\/uploads\/2022\/08\/31193612\/gradebrose-228x300.jpg 228w\" sizes=\"(max-width: 662px) 100vw, 662px\" \/>\t\t\t\t\t\t\t\t\t\t\t\t\t\t\t<\/div>\n\t\t\t\t<\/div>\n\t\t\t\t\t<\/div>\n\t\t<\/div>\n\t\t\t\t\t<\/div>\n\t\t<\/section>\n\t\t\t\t<section class=\"elementor-section elementor-top-section elementor-element elementor-element-9797694 elementor-section-boxed elementor-section-height-default elementor-section-height-default\" data-id=\"9797694\" data-element_type=\"section\" data-e-type=\"section\">\n\t\t\t\t\t\t<div class=\"elementor-container elementor-column-gap-default\">\n\t\t\t\t\t<div class=\"elementor-column elementor-col-100 elementor-top-column elementor-element elementor-element-15f9226\" data-id=\"15f9226\" data-element_type=\"column\" data-e-type=\"column\">\n\t\t\t<div class=\"elementor-widget-wrap elementor-element-populated\">\n\t\t\t\t\t\t<div class=\"elementor-element elementor-element-8e31da1 elementor-widget elementor-widget-spacer\" data-id=\"8e31da1\" data-element_type=\"widget\" data-e-type=\"widget\" data-widget_type=\"spacer.default\">\n\t\t\t\t<div class=\"elementor-widget-container\">\n\t\t\t\t\t\t\t<div class=\"elementor-spacer\">\n\t\t\t<div class=\"elementor-spacer-inner\"><\/div>\n\t\t<\/div>\n\t\t\t\t\t\t<\/div>\n\t\t\t\t<\/div>\n\t\t\t\t<div class=\"elementor-element elementor-element-3d28294 elementor-widget elementor-widget-heading\" data-id=\"3d28294\" data-element_type=\"widget\" data-e-type=\"widget\" data-widget_type=\"heading.default\">\n\t\t\t\t<div class=\"elementor-widget-container\">\n\t\t\t\t\t<h6 class=\"elementor-heading-title elementor-size-default\">Grade C<\/h6>\t\t\t\t<\/div>\n\t\t\t\t<\/div>\n\t\t\t\t<div class=\"elementor-element elementor-element-ec3916b elementor-widget elementor-widget-image\" data-id=\"ec3916b\" data-element_type=\"widget\" data-e-type=\"widget\" data-widget_type=\"image.default\">\n\t\t\t\t<div class=\"elementor-widget-container\">\n\t\t\t\t\t\t\t\t\t\t\t\t\t\t\t<img loading=\"lazy\" decoding=\"async\" width=\"662\" height=\"871\" src=\"https:\/\/px-saas-prod-wordpress-assets.s3.amazonaws.com\/Mobi\/wp-content\/uploads\/2022\/08\/31193612\/gradecrose.jpg\" class=\"attachment-large size-large wp-image-835\" alt=\"\" srcset=\"https:\/\/px-saas-prod-wordpress-assets.s3.amazonaws.com\/Mobi\/wp-content\/uploads\/2022\/08\/31193612\/gradecrose.jpg 662w, https:\/\/px-saas-prod-wordpress-assets.s3.amazonaws.com\/Mobi\/wp-content\/uploads\/2022\/08\/31193612\/gradecrose-228x300.jpg 228w\" sizes=\"(max-width: 662px) 100vw, 662px\" \/>\t\t\t\t\t\t\t\t\t\t\t\t\t\t\t<\/div>\n\t\t\t\t<\/div>\n\t\t\t\t\t<\/div>\n\t\t<\/div>\n\t\t\t\t\t<\/div>\n\t\t<\/section>\n\t\t\t\t<section class=\"elementor-section elementor-top-section elementor-element elementor-element-c8a0105 elementor-section-boxed elementor-section-height-default elementor-section-height-default\" data-id=\"c8a0105\" data-element_type=\"section\" data-e-type=\"section\">\n\t\t\t\t\t\t<div class=\"elementor-container elementor-column-gap-default\">\n\t\t\t\t\t<div class=\"elementor-column elementor-col-100 elementor-top-column elementor-element elementor-element-ad71422\" data-id=\"ad71422\" data-element_type=\"column\" data-e-type=\"column\">\n\t\t\t<div class=\"elementor-widget-wrap elementor-element-populated\">\n\t\t\t\t\t\t<div class=\"elementor-element elementor-element-bb68adb elementor-widget elementor-widget-spacer\" data-id=\"bb68adb\" data-element_type=\"widget\" data-e-type=\"widget\" data-widget_type=\"spacer.default\">\n\t\t\t\t<div class=\"elementor-widget-container\">\n\t\t\t\t\t\t\t<div class=\"elementor-spacer\">\n\t\t\t<div class=\"elementor-spacer-inner\"><\/div>\n\t\t<\/div>\n\t\t\t\t\t\t<\/div>\n\t\t\t\t<\/div>\n\t\t\t\t<div class=\"elementor-element elementor-element-2da6947 elementor-widget elementor-widget-heading\" data-id=\"2da6947\" data-element_type=\"widget\" data-e-type=\"widget\" data-widget_type=\"heading.default\">\n\t\t\t\t<div class=\"elementor-widget-container\">\n\t\t\t\t\t<h6 class=\"elementor-heading-title elementor-size-default\">Grade D<\/h6>\t\t\t\t<\/div>\n\t\t\t\t<\/div>\n\t\t\t\t<div class=\"elementor-element elementor-element-a844347 elementor-widget elementor-widget-image\" data-id=\"a844347\" data-element_type=\"widget\" data-e-type=\"widget\" data-widget_type=\"image.default\">\n\t\t\t\t<div class=\"elementor-widget-container\">\n\t\t\t\t\t\t\t\t\t\t\t\t\t\t\t<img loading=\"lazy\" decoding=\"async\" width=\"662\" height=\"871\" src=\"https:\/\/px-saas-prod-wordpress-assets.s3.amazonaws.com\/Mobi\/wp-content\/uploads\/2022\/08\/31193611\/gradedrose.jpg\" class=\"attachment-large size-large wp-image-834\" alt=\"\" srcset=\"https:\/\/px-saas-prod-wordpress-assets.s3.amazonaws.com\/Mobi\/wp-content\/uploads\/2022\/08\/31193611\/gradedrose.jpg 662w, https:\/\/px-saas-prod-wordpress-assets.s3.amazonaws.com\/Mobi\/wp-content\/uploads\/2022\/08\/31193611\/gradedrose-228x300.jpg 228w\" sizes=\"(max-width: 662px) 100vw, 662px\" \/>\t\t\t\t\t\t\t\t\t\t\t\t\t\t\t<\/div>\n\t\t\t\t<\/div>\n\t\t\t\t\t<\/div>\n\t\t<\/div>\n\t\t\t\t\t<\/div>\n\t\t<\/section>\n\t\t\t\t<section class=\"elementor-section elementor-top-section elementor-element elementor-element-cb77ba5 elementor-section-boxed elementor-section-height-default elementor-section-height-default\" data-id=\"cb77ba5\" data-element_type=\"section\" data-e-type=\"section\">\n\t\t\t\t\t\t<div class=\"elementor-container elementor-column-gap-default\">\n\t\t\t\t\t<div class=\"elementor-column elementor-col-100 elementor-top-column elementor-element elementor-element-d25e1e4\" data-id=\"d25e1e4\" data-element_type=\"column\" data-e-type=\"column\">\n\t\t\t<div class=\"elementor-widget-wrap elementor-element-populated\">\n\t\t\t\t\t\t<div class=\"elementor-element elementor-element-9a04a50 elementor-widget elementor-widget-spacer\" data-id=\"9a04a50\" data-element_type=\"widget\" data-e-type=\"widget\" data-widget_type=\"spacer.default\">\n\t\t\t\t<div class=\"elementor-widget-container\">\n\t\t\t\t\t\t\t<div class=\"elementor-spacer\">\n\t\t\t<div class=\"elementor-spacer-inner\"><\/div>\n\t\t<\/div>\n\t\t\t\t\t\t<\/div>\n\t\t\t\t<\/div>\n\t\t\t\t<div class=\"elementor-element elementor-element-4b2fdc0 elementor-widget elementor-widget-heading\" data-id=\"4b2fdc0\" data-element_type=\"widget\" data-e-type=\"widget\" data-widget_type=\"heading.default\">\n\t\t\t\t<div class=\"elementor-widget-container\">\n\t\t\t\t\t<h6 class=\"elementor-heading-title elementor-size-default\">Grade E<\/h6>\t\t\t\t<\/div>\n\t\t\t\t<\/div>\n\t\t\t\t<div class=\"elementor-element elementor-element-5789050 elementor-widget elementor-widget-image\" data-id=\"5789050\" data-element_type=\"widget\" data-e-type=\"widget\" data-widget_type=\"image.default\">\n\t\t\t\t<div class=\"elementor-widget-container\">\n\t\t\t\t\t\t\t\t\t\t\t\t\t\t\t<img loading=\"lazy\" decoding=\"async\" width=\"662\" height=\"871\" src=\"https:\/\/px-saas-prod-wordpress-assets.s3.amazonaws.com\/Mobi\/wp-content\/uploads\/2022\/08\/31193611\/gradeerose.jpg\" class=\"attachment-large size-large wp-image-833\" alt=\"\" srcset=\"https:\/\/px-saas-prod-wordpress-assets.s3.amazonaws.com\/Mobi\/wp-content\/uploads\/2022\/08\/31193611\/gradeerose.jpg 662w, https:\/\/px-saas-prod-wordpress-assets.s3.amazonaws.com\/Mobi\/wp-content\/uploads\/2022\/08\/31193611\/gradeerose-228x300.jpg 228w\" sizes=\"(max-width: 662px) 100vw, 662px\" \/>\t\t\t\t\t\t\t\t\t\t\t\t\t\t\t<\/div>\n\t\t\t\t<\/div>\n\t\t\t\t\t<\/div>\n\t\t<\/div>\n\t\t\t\t\t<\/div>\n\t\t<\/section>\n\t\t\t\t<\/div>","protected":false},"excerpt":{"rendered":"<p>Nous offrons des appareils premium, des op\u00e9rateurs T\u00e9l\u00e9coms am\u00e9ricains et europ\u00e9ens. Tous nos mod\u00e8les sont syst\u00e9matiquement contr\u00f4l\u00e9s et v\u00e9rifi\u00e9s par nos soins (rapport d&#8217;essai \u00e0 l&#8217;appui). L&#8217;IMEI de chaque appareil est enregistr\u00e9s pour assurer la tra\u00e7abilit\u00e9 du produit. Notre expertise nous permet \u00e9galement de sourcer, sur demande, de biens achet\u00e9s \u00e0 des particuliers en Europe [&hellip;]<\/p>\n","protected":false},"author":4,"featured_media":0,"parent":0,"menu_order":0,"comment_status":"closed","ping_status":"closed","template":"elementor_header_footer","meta":{"footnotes":""},"class_list":["post-825","page","type-page","status-publish","hentry"],"_links":{"self":[{"href":"https:\/\/mobidistribution.eu\/en\/wp-json\/wp\/v2\/pages\/825","targetHints":{"allow":["GET"]}}],"collection":[{"href":"https:\/\/mobidistribution.eu\/en\/wp-json\/wp\/v2\/pages"}],"about":[{"href":"https:\/\/mobidistribution.eu\/en\/wp-json\/wp\/v2\/types\/page"}],"author":[{"embeddable":true,"href":"https:\/\/mobidistribution.eu\/en\/wp-json\/wp\/v2\/users\/4"}],"replies":[{"embeddable":true,"href":"https:\/\/mobidistribution.eu\/en\/wp-json\/wp\/v2\/comments?post=825"}],"version-history":[{"count":16,"href":"https:\/\/mobidistribution.eu\/en\/wp-json\/wp\/v2\/pages\/825\/revisions"}],"predecessor-version":[{"id":974,"href":"https:\/\/mobidistribution.eu\/en\/wp-json\/wp\/v2\/pages\/825\/revisions\/974"}],"wp:attachment":[{"href":"https:\/\/mobidistribution.eu\/en\/wp-json\/wp\/v2\/media?parent=825"}],"curies":[{"name":"wp","href":"https:\/\/api.w.org\/{rel}","templated":true}]}}