{"id":840,"date":"2022-08-31T21:27:52","date_gmt":"2022-08-31T21:27:52","guid":{"rendered":"https:\/\/mobidistribution.eu\/?page_id=840"},"modified":"2025-04-02T12:15:49","modified_gmt":"2025-04-02T12:15:49","slug":"mobi-about-us","status":"publish","type":"page","link":"https:\/\/mobidistribution.eu\/en\/mobi-about-us\/","title":{"rendered":"Mobi About Us"},"content":{"rendered":"<style>\/*! elementor - v3.7.8 - 02-10-2022 *\/<br \/>\n.elementor-column .elementor-spacer-inner{height:var(--spacer-size)}.e-container{--container-widget-width:100%}.e-container>.elementor-widget-spacer{width:var(--container-widget-width,var(--spacer-size));-ms-flex-item-align:stretch;align-self:stretch;-ms-flex-negative:0;flex-shrink:0}.e-container>.elementor-widget-spacer>.elementor-widget-container,.e-container>.elementor-widget-spacer>.elementor-widget-container>.elementor-spacer{height:100%}.e-container>.elementor-widget-spacer>.elementor-widget-container>.elementor-spacer>.elementor-spacer-inner{height:var(--container-widget-height,var(--spacer-size))}<\/style>\n<style>\/*! elementor - v3.7.8 - 02-10-2022 *\/<br \/>\n.elementor-heading-title{padding:0;margin:0;line-height:1}.elementor-widget-heading .elementor-heading-title[class*=elementor-size-]>a{color:inherit;font-size:inherit;line-height:inherit}.elementor-widget-heading .elementor-heading-title.elementor-size-small{font-size:15px}.elementor-widget-heading .elementor-heading-title.elementor-size-medium{font-size:19px}.elementor-widget-heading .elementor-heading-title.elementor-size-large{font-size:29px}.elementor-widget-heading .elementor-heading-title.elementor-size-xl{font-size:39px}.elementor-widget-heading .elementor-heading-title.elementor-size-xxl{font-size:59px}<\/style>\n<h1 data-elementor-setting-key=\"title\" data-pen-placeholder=\"Type Here...\">A propos<\/h1>\n<style>\/*! elementor - v3.7.8 - 02-10-2022 *\/<br \/>\n.elementor-widget-image{text-align:center}.elementor-widget-image a{display:inline-block}.elementor-widget-image a img[src$=\".svg\"]{width:48px}.elementor-widget-image img{vertical-align:middle;display:inline-block}<\/style>\n<p><img fetchpriority=\"high\" decoding=\"async\" src=\"https:\/\/px-saas-prod-wordpress-assets.s3.amazonaws.com\/Mobi\/wp-content\/uploads\/2022\/08\/31202838\/A-stock-mobi-files-5-768x509.png\" alt=\"\" width=\"768\" height=\"509\" \/><\/p>\n<h2>Mobi Distribution est sp\u00e9cialis\u00e9 dans la vente de t\u00e9l\u00e9phones, tablettes et laptops d&#8217;occasion provenant du monde entier. Nos produits proviennent des op\u00e9rateurs, des programmes de reprise (buyback) et des ench\u00e8res, garantissant une large s\u00e9lection d&#8217;appareils de qualit\u00e9 \u00e0 des prix comp\u00e9titifs..<\/h2>\n<p>Notre promesse: Vous faire gagnez du temps dans le sourcing de vos produits tout en s\u00e9curisant votre paiement pour vous livrer du stock certifi\u00e9.<\/p>\n<p>Notre expertise nous permet de sourcer la meilleure qualit\u00e9 au meilleur prix, en TVA sur marge ou TVA classique.<\/p>\n<h5>Le Paiement<\/h5>\n<p>Mobi Distribution vous propose de payer par carte bancaire via la plateforme s\u00e9curis\u00e9e Stripe ou par virement bancaire.<\/p>\n<p>Votre commande sera trait\u00e9e par notre \u00e9quipe des r\u00e9ception de votre r\u00e8glement. N\u2019h\u00e9sitez pas \u00e0 contacter votre repr\u00e9sentant pour toute demande sur le statut de votre r\u00e8glement.<\/p>\n<h5>Livraison<\/h5>\n<p>Vos commandes sont trait\u00e9s le plus rapidement possible, toutes les livraisons sont livr\u00e9s par DHL, UPS ou FEDEX.<\/p>\n<p>Vos commandes sont exp\u00e9di\u00e9es par nos partenaires op\u00e9rateurs \u00e0 notre entrep\u00f4t logistique, apr\u00e8s avoir re\u00e7u votre r\u00e8glement. Nous r\u00e9ceptionnons vos commandes, les appareils sont test\u00e9s et v\u00e9rifi\u00e9s par notre \u00e9quipe afin de vous garantir des appareils fiable et pr\u00eat \u00e0 \u00eatre vendu.<\/p>\n<p><b>Notre objectif est de vous permettre de sourcer des larges quantit\u00e9s de produit d\u2019occasion, au meilleur prix et avec la meilleur qualit\u00e9 du march\u00e9.<\/b><\/p>\n<p>Nous travaillons avec les principaux transporteurs europ\u00e9ens pour vous garantir une livraison rapide et s\u00e9curis\u00e9e.<\/p>\n<p>En g\u00e9n\u00e9ral les commandes test\u00e9s et v\u00e9rifi\u00e9s vous parviendront dans un d\u00e9lai de 6 jours ouvr\u00e9s.<\/p>\n<p>Votre commande sera trait\u00e9e par notre \u00e9quipe des r\u00e9ception de votre r\u00e8glement. N\u2019h\u00e9sitez pas \u00e0 contacter votre repr\u00e9sentant pour toute demande sur le statut de votre r\u00e8glement.<\/p>\n<h5>Retours<\/h5>\n<p>Tous nos appareils sont soumis \u00e0 une m\u00e9thode de test rigoureuse (grade A+, A, B, C, C+, BC et D) permettant de vous garantir un faible taux de retour, nous classifions les appareils d\u2019occasion selon des crit\u00e8res pr\u00e9cis afin de vous proposer des produits d\u2019occasion correspondant \u00e0 votre demande. Dans de rares cas il est possible que vous receviez des produits non conformes \u00e0 vos attendent, dans ce cas nous sommes l\u00e0 pour r\u00e9agir au plus vite.<\/p>\n<p>Outre notre garantie de 1 mois, nous vous offrons possibilit\u00e9 de nous retourner toutes commandes qui ne correspondent pas au descriptif de nos grades, dans les 14 jours suivants la r\u00e9ception de vos produits.<\/p>\n<p>Dans ce rare cas, veuillez nous adresser un mail : SAV@mobiditribution.fr<\/p>\n<p>Indiquant le code IMEI de\/des appareil(s)<\/p>\n<p><img decoding=\"async\" src=\"https:\/\/px-saas-prod-wordpress-assets.s3.amazonaws.com\/Mobi\/wp-content\/uploads\/2022\/08\/31195807\/A-stock-mobi-files-4-e1661978518217-768x419.png\" alt=\"\" width=\"768\" height=\"419\" \/><\/p>\n<h5>Garantie<\/h5>\n<p>Notre m\u00e9thode de v\u00e9rification de vos commandes nous permet de vous proposer une garantie de 1 mois garantie de sur tous les grades except\u00e9 le Grade D. Les appareils ayant des d\u00e9fauts survenus pendant la p\u00e9riode de garantie, seront remplac\u00e9s, r\u00e9par\u00e9s ou rembours\u00e9s sous forme d\u2019avoir.<\/p>\n<h5>Minimum de commande<\/h5>\n<p>Nous appliquons un minimum d\u2019appareil par commande, pour vous garantir des prix bas nous sommes oblig\u00e9 d\u2019appliquer un minimum de commandes, les frais logistique peuvent \u00eatre \u00e9lev\u00e9s pour une commande ne contenant pas assez d\u2019appareils.<\/p>\n<h5>Classification par grade<\/h5>\n<p>La classification peut varier selon les operateurs, n\u2019h\u00e9sitez pas \u00e0 demander des photos ou vid\u00e9os \u00e0 votre contact.<\/p>\n<p>Les Appareils sont test\u00e9s par un logiciel de test.<\/p>\n<p><img decoding=\"async\" src=\"https:\/\/px-saas-prod-wordpress-assets.s3.amazonaws.com\/Mobi\/wp-content\/uploads\/2022\/08\/31212535\/A-stock-mobi-files-6.png\" sizes=\"(max-width: 800px) 100vw, 800px\" srcset=\"https:\/\/px-saas-prod-wordpress-assets.s3.amazonaws.com\/Mobi\/wp-content\/uploads\/2022\/08\/31212535\/A-stock-mobi-files-6.png 800w, https:\/\/px-saas-prod-wordpress-assets.s3.amazonaws.com\/Mobi\/wp-content\/uploads\/2022\/08\/31212535\/A-stock-mobi-files-6-300x198.png 300w, https:\/\/px-saas-prod-wordpress-assets.s3.amazonaws.com\/Mobi\/wp-content\/uploads\/2022\/08\/31212535\/A-stock-mobi-files-6-768x508.png 768w\" alt=\"\" width=\"800\" height=\"529\" \/><\/p>\n<h5>Prix competitifs<\/h5>\n<p>Nous nous fournissons directement aupr\u00e8s d\u2019op\u00e9rateur, assureur et principaux acteurs du march\u00e9 de l\u2019occasion dans le monde pour vous garantir des prix comp\u00e9titifs afin d\u2019augmenter votre chiffre d\u2019affaire et votre marge. Nous proposons des appareil soumis \u00e0 TVA sur marge ou TVA classique. N\u2019h\u00e9sitez pas \u00e0 nous contacter pour plus d\u2019information.<\/p>\n<h5>Inventaire constant<\/h5>\n<p>Nos offres sont actualis\u00e9es plusieurs fois par jour, notre inventaire regroupe les disponibilit\u00e9s de stock des operateurs t\u00e9l\u00e9com et principaux acteurs du march\u00e9. Pour vous donner acc\u00e8s \u00e0 un inventaire complet sur tous les mod\u00e8les et grade.<\/p>\n<h5>Mobi Distribution S&#8217;adresse \u00e0:<\/h5>\n<p><b>RETAILERS:<\/b><br \/>\nVous recherchez la rentabilit\u00e9 maximum de vos rayons tout en minimisant les risques li\u00e9s aux approvisionnements. Nous vous proposons un approvisionnement constant et un inventaire mis \u00e0 jour.<\/p>\n<p><b>E-COMMER\u00c7ANTS:<br \/>\n<\/b>Vous g\u00e9rez un site e-commerce, vous pouvez vous r\u00e9approvisionner sans perdre de temps ou nous pouvons vous proposer notre service de drop shipping pour vous d\u00e9barrasser de la logistique.<\/p>\n<p><b>ASSURANCES ET OP\u00c9RATEURS T\u00c9L\u00c9COMS:<\/b><br \/>\nVous avez des besoins en smartphones reconditionn\u00e9s en lot avec des contraintes de valeur et de qualit\u00e9 pour vos abonn\u00e9s. Notre interface d\u00e9di\u00e9e aux sp\u00e9cificit\u00e9s de vos m\u00e9tiers permet d\u2019automatiser la prise de d\u00e9cision et la logistique.<\/p>\n<p>Notre \u00e9quipe reste \u00e0 votre disposition pour vous conseiller et vous proposer des offres exclusives.<\/p>\n<h5>Notre offre de location pour le parc informatique de votre soci\u00e9t\u00e9.<\/h5>\n<p>Nous proposons une offre de location de mat\u00e9riel informatique pour vos collaborateurs via notre filiale Mobi &#8211; Join Mobi. Une entreprise Fran\u00e7aise sp\u00e9cialis\u00e9e dans le financement de parc informatique, la gestion et la maintenance de votre parc informatique. Pilotez et g\u00e9rer votre flotte avec la plateforme de gestion de parc Mobi. Le financement est possible \u00e0 partir de 12 mois jusqu&#8217;\u00e0 60 mois. C&#8217;est le leasing informatique nouvelle g\u00e9n\u00e9ration, une offre flexible, \u00e9conomique et \u00e9co-responsable pour votre entreprise : Prenez rendez-vous directement sur :\u00a0<a href=\"https:\/\/www.join-mobi.com\/\">Site Mobi &#8211; Join Mobi <\/a><\/p>\n<p>consulter \u00e9galement le catalogue pour la location de vos mat\u00e9riel informatique &#8211; leasing informatique pour entreprise :\u00a0<a href=\"https:\/\/www.join-mobi.com\/produits\">Catalogue &#8211; location flotte informatique <\/a><\/p>\n","protected":false},"excerpt":{"rendered":"<p>A propos Mobi Distribution est sp\u00e9cialis\u00e9 dans la vente de t\u00e9l\u00e9phones, tablettes et laptops d&#8217;occasion provenant du monde entier. Nos produits proviennent des op\u00e9rateurs, des programmes de reprise (buyback) et des ench\u00e8res, garantissant une large s\u00e9lection d&#8217;appareils de qualit\u00e9 \u00e0 des prix comp\u00e9titifs.. Notre promesse: Vous faire gagnez du temps dans le sourcing de vos [&hellip;]<\/p>\n","protected":false},"author":4,"featured_media":0,"parent":0,"menu_order":0,"comment_status":"closed","ping_status":"closed","template":"elementor_header_footer","meta":{"footnotes":""},"class_list":["post-840","page","type-page","status-publish","hentry"],"_links":{"self":[{"href":"https:\/\/mobidistribution.eu\/en\/wp-json\/wp\/v2\/pages\/840","targetHints":{"allow":["GET"]}}],"collection":[{"href":"https:\/\/mobidistribution.eu\/en\/wp-json\/wp\/v2\/pages"}],"about":[{"href":"https:\/\/mobidistribution.eu\/en\/wp-json\/wp\/v2\/types\/page"}],"author":[{"embeddable":true,"href":"https:\/\/mobidistribution.eu\/en\/wp-json\/wp\/v2\/users\/4"}],"replies":[{"embeddable":true,"href":"https:\/\/mobidistribution.eu\/en\/wp-json\/wp\/v2\/comments?post=840"}],"version-history":[{"count":38,"href":"https:\/\/mobidistribution.eu\/en\/wp-json\/wp\/v2\/pages\/840\/revisions"}],"predecessor-version":[{"id":1421,"href":"https:\/\/mobidistribution.eu\/en\/wp-json\/wp\/v2\/pages\/840\/revisions\/1421"}],"wp:attachment":[{"href":"https:\/\/mobidistribution.eu\/en\/wp-json\/wp\/v2\/media?parent=840"}],"curies":[{"name":"wp","href":"https:\/\/api.w.org\/{rel}","templated":true}]}}